{"id":1435,"date":"2020-01-02T15:11:10","date_gmt":"2020-01-02T14:11:10","guid":{"rendered":"http:\/\/www.zamek-frystat.cz\/?page_id=1435"},"modified":"2023-05-11T11:30:50","modified_gmt":"2023-05-11T10:30:50","slug":"dalsi-uzitecne-informace","status":"publish","type":"page","link":"https:\/\/www.zamek-frystat.cz\/index.php\/dalsi-uzitecne-informace\/","title":{"rendered":"DAL\u0160\u00cd U\u017dITE\u010cN\u00c9 INFORMACE"},"content":{"rendered":"<p>CIZOJAZY\u010cN\u00dd V\u00ddKLAD<\/p>\n<p>Na objedn\u00e1vku lze zajistit v\u00fdklad v anglick\u00e9m jazyce, av\u0161ak pouze v r\u00e1mci prohl\u00eddky 1. trasy . Jako alternativu lze d\u00e1le vyu\u017e\u00edt audiopr\u016fvodce pro anglick\u00fd, n\u011bmeck\u00fd, rusk\u00fd a polsk\u00fd jazyk. Rovn\u011b\u017e v\u0161ak pouze v r\u00e1mci 1. trasy. To se net\u00fdk\u00e1 speci\u00e1ln\u00edch akc\u00ed (viz p\u0159ehled v z\u00e1lo\u017ece Z\u00e1meck\u00e9 akce v roce &#8230;.), kdy jsou prohl\u00eddky vedeny pouze v \u010desk\u00e9m jazyce. Anglick\u00fd v\u00fdklad doporu\u010dujeme objednat alespo\u0148 t\u00fdden p\u0159edem, audiopr\u016fvodce je k dispozici b\u011b\u017en\u011b.<\/p>\n<p>&nbsp;<\/p>\n<p>DOPROVODN\u00c9 SLU\u017dBY<\/p>\n<p>P\u0159edem (minim\u00e1ln\u011b 2 dny p\u0159edem) je nutno dohodnout vstup pro voz\u00ed\u010dk\u00e1\u0159e (zaji\u0161t\u011bn\u00ed schodolezu) a pro asisten\u010dn\u00ed \u010di vodic\u00ed psy. Prohl\u00eddku na zdravotnick\u00e9m voz\u00edku lze absolvovat v r\u00e1mci 1. trasy, p\u0159i\u010dem\u017e maxim\u00e1ln\u00ed po\u010det v jedn\u00e9 prohl\u00eddce jsou t\u0159i voz\u00edky.<\/p>\n<p>&nbsp;<\/p>\n<p>REZERVACE<\/p>\n<p>Prohl\u00eddky lze objednat (vyjma speci\u00e1ln\u00edch akc\u00ed) telefonicky na tel. \u010d. 596 387 340 nebo p\u00edsemn\u011b e-mailem: zamek-frystat@karvina.cz. To v\u0161ak neplat\u00ed pro speci\u00e1ln\u00ed z\u00e1meck\u00e9 akce, na kter\u00e9 je nutn\u00e9 vstupenku od vyhl\u00e1\u0161en\u00e9ho term\u00ednu rovnou zakoupit. O zvl\u00e1\u0161tn\u00edch p\u0159\u00edpadech rozhodne spr\u00e1va z\u00e1mku.<\/p>\n","protected":false},"excerpt":{"rendered":"<p>CIZOJAZY\u010cN\u00dd V\u00ddKLAD Na objedn\u00e1vku lze zajistit v\u00fdklad v anglick\u00e9m jazyce, av\u0161ak pouze v r\u00e1mci prohl\u00eddky 1. trasy . Jako alternativu lze d\u00e1le vyu\u017e\u00edt audiopr\u016fvodce pro anglick\u00fd, n\u011bmeck\u00fd, rusk\u00fd a polsk\u00fd jazyk. Rovn\u011b\u017e v\u0161ak pouze v r\u00e1mci 1. trasy. To se net\u00fdk\u00e1 speci\u00e1ln\u00edch akc\u00ed (viz p\u0159ehled v z\u00e1lo\u017ece Z\u00e1meck\u00e9 akce v [&hellip;]<\/p>\n","protected":false},"author":2,"featured_media":0,"parent":0,"menu_order":0,"comment_status":"closed","ping_status":"closed","template":"","meta":{"footnotes":""},"class_list":["post-1435","page","type-page","status-publish","hentry"],"_links":{"self":[{"href":"https:\/\/www.zamek-frystat.cz\/index.php\/wp-json\/wp\/v2\/pages\/1435","targetHints":{"allow":["GET"]}}],"collection":[{"href":"https:\/\/www.zamek-frystat.cz\/index.php\/wp-json\/wp\/v2\/pages"}],"about":[{"href":"https:\/\/www.zamek-frystat.cz\/index.php\/wp-json\/wp\/v2\/types\/page"}],"author":[{"embeddable":true,"href":"https:\/\/www.zamek-frystat.cz\/index.php\/wp-json\/wp\/v2\/users\/2"}],"replies":[{"embeddable":true,"href":"https:\/\/www.zamek-frystat.cz\/index.php\/wp-json\/wp\/v2\/comments?post=1435"}],"version-history":[{"count":6,"href":"https:\/\/www.zamek-frystat.cz\/index.php\/wp-json\/wp\/v2\/pages\/1435\/revisions"}],"predecessor-version":[{"id":2675,"href":"https:\/\/www.zamek-frystat.cz\/index.php\/wp-json\/wp\/v2\/pages\/1435\/revisions\/2675"}],"wp:attachment":[{"href":"https:\/\/www.zamek-frystat.cz\/index.php\/wp-json\/wp\/v2\/media?parent=1435"}],"curies":[{"name":"wp","href":"https:\/\/api.w.org\/{rel}","templated":true}]}}