{"id":168,"date":"2016-08-17T08:52:29","date_gmt":"2016-08-17T07:52:29","guid":{"rendered":"http:\/\/zamek-frystat.karvina.org\/?page_id=168"},"modified":"2024-07-31T12:22:20","modified_gmt":"2024-07-31T11:22:20","slug":"svatebni-obrady","status":"publish","type":"page","link":"https:\/\/www.zamek-frystat.cz\/index.php\/svatebni-obrady\/","title":{"rendered":"ROMANTICK\u00c1 SVATBA NA Z\u00c1MKU"},"content":{"rendered":"<p>Pro\u017eijte sv\u016fj &#8222;den sn\u016f&#8220; jako v poh\u00e1dce na z\u00e1mku Fry\u0161t\u00e1t.<\/p>\n<p>Jeden z nejkr\u00e1sn\u011bj\u0161\u00edch a nejd\u016fle\u017eit\u011bj\u0161\u00edch okam\u017eik\u016f Va\u0161eho \u017eivota m\u016f\u017eete pro\u017e\u00edt ve stylov\u00e9m prost\u0159ed\u00ed z\u00e1mku Fry\u0161t\u00e1t, kter\u00fd je naz\u00fdv\u00e1n emp\u00edrovou perlou regionu. D\u016fstojn\u00e9 prostory t\u00e9to kulturn\u00ed pam\u00e1tky a kouzlo tajemstv\u00ed z dob minul\u00fdch navod\u00ed atmosf\u00e9ru jedine\u010dnosti a slavnostn\u00ed ob\u0159ad se tak natrvalo zap\u00ed\u0161e do pam\u011bti v\u0161ech \u00fa\u010dastn\u00edk\u016f. Slavnostn\u00ed slib, v\u00fdm\u011bna prst\u00fdnk\u016f za zvuku klasick\u00e9 komorn\u00ed hudby, novoman\u017eelsk\u00e9 polibky a perliv\u00fd p\u0159\u00edpitek na z\u00e1v\u011br jsou kr\u00e1sn\u00e9 okam\u017eiky, kter\u00e9 je pot\u0159eba zv\u011b\u010dnit a z\u00e1le\u017e\u00ed jen na v\u00e1s, kter\u00e1 m\u00edsta v rozlehl\u00e9m z\u00e1meck\u00e9m parku k nim rovn\u011b\u017e vyu\u017eijete. Jedine\u010dnost t\u00e9to chv\u00edle podtrhne zvuk fanf\u00e1r, kter\u00fd dod\u00e1 tomuto slavnostn\u00edmu aktu punc luxusu.<\/p>\n<p>Za\u010dn\u011bte spole\u010dnou cestu \u017eivotem v\u00a0m\u00edstech, kde str\u00e1vili kr\u00e1sn\u00e9 chv\u00edle z\u00e1stupci \u0161lechtick\u00fdch rod\u016f od nejstar\u0161\u00edch \u010das\u016f a kter\u00e1 nav\u0161t\u00edvili ti nejv\u00fdznamn\u011bj\u0161\u00ed host\u00e9 sv\u00e9 doby jako nap\u0159. korunn\u00ed princ Rudolf, n\u00e1sledn\u00edk tr\u016fnu arciv\u00e9voda Ferdinand d\u00b4Este, n\u011bmeck\u00fd c\u00edsa\u0159 Vil\u00e9m II. nebo bulharsk\u00fd car Ferdinand.<\/p>\n<p>Z\u00e1mek Fry\u0161t\u00e1t je svou romantickou scen\u00e9ri\u00ed a p\u0159ekr\u00e1sn\u00fdm parkem d\u016fstojn\u00fdm prost\u0159ed\u00edm a tou pravou volbou pro V\u00e1\u0161 &#8222;Velk\u00fd den&#8220;. Krom\u011b vhodn\u00e9 polohy a velmi dobr\u00e9 dostupnosti zaru\u010duje nab\u00eddku kvalitn\u00edch slu\u017eeb. Svatebn\u00ed ob\u0159ad zde lze konat ka\u017edou prvn\u00ed sobotu v m\u011bs\u00edci, v\u00fdjimkou je duben, kdy a\u017e druhou sobotu.<\/p>\n<p>&nbsp;<\/p>\n<div style=\"width: 750px;\" class=\"wp-video\"><!--[if lt IE 9]><script>document.createElement('video');<\/script><![endif]-->\n<video class=\"wp-video-shortcode\" id=\"video-168-1\" width=\"750\" height=\"357\" preload=\"metadata\" controls=\"controls\"><source type=\"video\/mp4\" src=\"https:\/\/www.zamek-frystat.cz\/wp-content\/uploads\/2021\/08\/210x100_web-ZF-.mp4?_=1\" \/><a href=\"https:\/\/www.zamek-frystat.cz\/wp-content\/uploads\/2021\/08\/210x100_web-ZF-.mp4\">https:\/\/www.zamek-frystat.cz\/wp-content\/uploads\/2021\/08\/210x100_web-ZF-.mp4<\/a><\/video><\/div>\n<p>&nbsp;<\/p>\n<p>Pro\u010d svatba pr\u00e1v\u011b na z\u00e1mku?<\/p>\n<p>Z\u00e1meck\u00fd svatebn\u00ed bal\u00ed\u010dek s\u00a0nab\u00eddkou z\u00e1\u017eitkov\u00fdch aktivit v\u00a0r\u00e1mci klasick\u00fdch svatebn\u00edch ob\u0159ad\u016f.<\/p>\n<ul>\n<li>Hlavn\u00edm d\u016fvodem pro v\u00fdb\u011br z\u00e1meck\u00fdch ob\u0159ad\u016f na fry\u0161t\u00e1tsk\u00e9m z\u00e1mku je nesporn\u011b atraktivita tohoto m\u00edsta, jeho historick\u00e1 hodnota, kouzeln\u00e9, t\u00e9m\u011b\u0159 poh\u00e1dkov\u00e9, prost\u0159ed\u00ed, kr\u00e1sn\u00fd z\u00e1meck\u00fd are\u00e1l s\u00a0parkem zasazen\u00fd do historick\u00e9ho j\u00e1dra m\u011bsta. Kouzlo atmosf\u00e9ry je stejn\u00e9 jak v\u00a0l\u00e9t\u011b, tak v\u00a0zim\u011b.<\/li>\n<li>Tradi\u010dn\u00ed svatebn\u00ed ob\u0159ady prob\u00edhaj\u00ed v reprezenta\u010dn\u00edm s\u00e1le z\u00e1mku, do kter\u00e9ho vstupuj\u00ed svateb\u010dan\u00e9 po z\u00e1meck\u00e9m schodi\u0161ti a proch\u00e1zej\u00ed n\u011bkolika p\u016fvodn\u00edmi prostory. Komnaty z\u00e1mku, korunovan\u00e9 noblesn\u00edm ob\u0159adn\u00edm s\u00e1lem, tvo\u0159\u00ed \u00fachvatnou kulisu, p\u0159i kter\u00e9 se nejedna nev\u011bsta c\u00edt\u00ed jako princezna z poh\u00e1dky. Historick\u00fd mobili\u00e1\u0159 a\u00a0honosn\u00e9 lustry, oza\u0159uj\u00edc\u00ed m\u00edstnosti, poskytuj\u00ed jedine\u010dnou atmosf\u00e9ru v\u00fdjime\u010dn\u00e9ho okam\u017eiku.<\/li>\n<li>Sou\u010d\u00e1st\u00ed ka\u017ed\u00e9ho svatebn\u00edho ob\u0159adu je slavnostn\u00ed fanf\u00e1ra z\u00a0balkonu nad hlavn\u00edm vstupem do z\u00e1mku. Trio hudebn\u00edk\u016f doprov\u00e1z\u00ed svateb\u010dany p\u0159i vstupu do z\u00e1mku a pot\u00e9, kdy\u017e svatebn\u00ed pr\u016fvod a ji\u017e oddan\u00fd svatebn\u00ed p\u00e1r vych\u00e1zej\u00ed ze z\u00e1mku.<\/li>\n<li>Mezi z\u00e1kladn\u00ed doprovodn\u00e9 slu\u017eby pat\u0159\u00ed \u017eiv\u00e1 hudba v\u00a0pr\u016fb\u011bhu cel\u00e9ho svatebn\u00edho ob\u0159adu. Komorn\u00ed um\u011bleck\u00e9 t\u011bleso na po\u017e\u00e1d\u00e1n\u00ed p\u0159ednese v\u00a0kvalitn\u00edm pod\u00e1n\u00ed klasick\u00e9 skladby dle Va\u0161eho v\u00fdb\u011bru. Hudebn\u00ed slo\u017eka je vhodn\u011b zasazena do atmosf\u00e9ry z\u00e1meck\u00fdch prostor.<\/li>\n<li>Dobov\u00e9 interi\u00e9ry a reprezenta\u010dn\u00ed prostory citliv\u011b dopl\u0148uje \u010derstv\u00e1 kv\u011btinov\u00e1 v\u00fdzdoba. Gratula\u010dn\u00ed kyti\u010dku v\u017edy obdr\u017e\u00ed i nev\u011bsta a z\u00e1v\u011brem si snoubenci p\u0159ipij\u00ed \u0161umiv\u00fdm sektem.<\/li>\n<li>Dokonalou kulisou pro fotografov\u00e1n\u00ed je p\u0159ilehl\u00fd z\u00e1meck\u00fd park, kde se mohou novoman\u017eel\u00e9 vyfotit jen tak ve voln\u00e9 p\u0159\u00edrod\u011b hodnotn\u00e9ho anglick\u00e9ho parku nebo nap\u0159. v Larischov\u011b alt\u00e1nu. Novinkou je i nab\u00eddka fotografov\u00e1n\u00ed v samotn\u00fdch protor\u00e1ch z\u00e1mku. Tato slu\u017eba nen\u00ed sou\u010d\u00e1st\u00ed n\u00e1jmu, ale je vhodn\u00e9 si ji domluvit u\u017e p\u0159i uzav\u00edr\u00e1n\u00ed n\u00e1jmu. P\u0159\u00edslu\u0161n\u00fd poplatek se pak plat\u00ed na m\u00edst\u011b &#8211; pokladna z\u00e1mku v den kon\u00e1n\u00ed svatby. Bli\u017e\u0161\u00ed informace najdete <a href=\"https:\/\/www.zamek-frystat.cz\/index.php\/foceni-na-zamku\/\">zde<\/a>.<\/li>\n<li>Jednou z mo\u017enost\u00ed dopl\u0148kov\u00fdch slu\u017eeb je jedine\u010dn\u00e1 nab\u00eddka proj\u00ed\u017ed\u011bk v ko\u010d\u00e1ru z\u00e1meck\u00fdm parkem. Tato slu\u017eba rovn\u011b\u017e nen\u00ed sou\u010d\u00e1st\u00ed n\u00e1jmu. Je na objedn\u00e1vku na tomto kontaktu: 731 185 650.<\/li>\n<\/ul>\n<p>&nbsp;<\/p>\n<p><span style=\"color: #000000;\"><strong>Pron\u00e1jem prostor<\/strong><\/span> pro svatebn\u00ed ob\u0159ad zaji\u0161\u0165uje Odbor \u0161kolstv\u00ed a rozvoje, odd\u011blen\u00ed \u0161kolstv\u00ed, kultury a sportu. Kontakt na tel.: 596 387 482. Celkov\u00e9 n\u00e1jemn\u00e9 \u010din\u00ed 4.148 K\u010d.<\/p>\n<p><span style=\"color: #000000;\"><strong> Zaji\u0161t\u011bn\u00ed ob\u0159adu<\/strong>:<\/span> je\u0161t\u011b p\u0159ed uzav\u0159en\u00edm n\u00e1jemn\u00ed smlouvy je t\u0159eba obr\u00e1tit se na matriku karvinsk\u00e9ho magistr\u00e1tu, kde se sjedn\u00e1v\u00e1 samotn\u00fd ob\u0159ad a kde se plat\u00ed p\u0159\u00edslu\u0161n\u00fd spr\u00e1vn\u00ed poplatek. Kontakt: Odbor spr\u00e1vn\u00ed, odd\u011blen\u00ed ob\u010danskospr\u00e1vn\u00ed, tel: 596 387 733 n. 730. Postup p\u0159i vy\u0159izov\u00e1n\u00ed a bli\u017e\u0161\u00ed informace k uzav\u0159en\u00ed man\u017eelstv\u00ed <a href=\"https:\/\/www.karvina.cz\/magistrat\/uzavreni-manzelstvi\">zde<\/a>.<\/p>\n<p><strong><span style=\"color: #000000;\">Dal\u0161\u00ed informace:<\/span><\/strong><\/p>\n<ul>\n<li><span style=\"color: #808080;\">prostory pro svatby lze pronajmout celoro\u010dn\u011b na ka\u017edou prvn\u00ed sobotu v m\u011bs\u00edci, v dubnu druhou sobotu v m\u011bs\u00edci <\/span><\/li>\n<li><span style=\"color: #808080;\">doba trv\u00e1n\u00ed ob\u0159adu je p\u0159ibli\u017en\u011b 40 minut (v\u010detn\u011b gratulac\u00ed)<\/span><\/li>\n<li><span style=\"color: #808080;\">p\u0159i vlastn\u00edm ob\u0159adu je kapacita sed\u00edc\u00edch v ob\u0159adn\u00ed s\u00edni maxim\u00e1ln\u011b 45 svateb\u010dan\u016f, v\u010detn\u011b stoj\u00edc\u00edch pak max. 80<\/span><\/li>\n<li><span style=\"color: #808080;\">p\u0159ed vchodem z\u00e1mku ve vymezen\u00e9m prostoru mohou parkovat auta svateb\u010dan\u016f (v omezen\u00e9 kapacit\u011b cca 12 aut), st\u0159\u00edd\u00e1n\u00ed parkuj\u00edc\u00edch aut svateb navazuj\u00edc\u00edch za sebou je koordinov\u00e1no M\u011bstskou polici\u00ed; dal\u0161\u00ed parkovac\u00ed mo\u017enosti jsou u obchodn\u00edho domu cca 200 m od z\u00e1mku (placen\u00e9 P) nebo za po\u0161tou u z\u00e1mku (neplacen\u00e9 P) a dostate\u010dn\u00fd prostor nab\u00edz\u00ed parkovi\u0161t\u011b u letn\u00edho kina v\u00a0parku Bo\u017eeny N\u011bmcov\u00e9 (neplacen\u00e9 P)<\/span><\/li>\n<\/ul>\n","protected":false},"excerpt":{"rendered":"<p>Pro\u017eijte sv\u016fj &#8222;den sn\u016f&#8220; jako v poh\u00e1dce na z\u00e1mku Fry\u0161t\u00e1t. Jeden z nejkr\u00e1sn\u011bj\u0161\u00edch a nejd\u016fle\u017eit\u011bj\u0161\u00edch okam\u017eik\u016f Va\u0161eho \u017eivota m\u016f\u017eete pro\u017e\u00edt ve stylov\u00e9m prost\u0159ed\u00ed z\u00e1mku Fry\u0161t\u00e1t, kter\u00fd je naz\u00fdv\u00e1n emp\u00edrovou perlou regionu. D\u016fstojn\u00e9 prostory t\u00e9to kulturn\u00ed pam\u00e1tky a kouzlo tajemstv\u00ed z dob minul\u00fdch navod\u00ed atmosf\u00e9ru jedine\u010dnosti a slavnostn\u00ed ob\u0159ad se tak [&hellip;]<\/p>\n","protected":false},"author":1,"featured_media":0,"parent":0,"menu_order":0,"comment_status":"closed","ping_status":"closed","template":"","meta":{"footnotes":""},"class_list":["post-168","page","type-page","status-publish","hentry"],"_links":{"self":[{"href":"https:\/\/www.zamek-frystat.cz\/index.php\/wp-json\/wp\/v2\/pages\/168","targetHints":{"allow":["GET"]}}],"collection":[{"href":"https:\/\/www.zamek-frystat.cz\/index.php\/wp-json\/wp\/v2\/pages"}],"about":[{"href":"https:\/\/www.zamek-frystat.cz\/index.php\/wp-json\/wp\/v2\/types\/page"}],"author":[{"embeddable":true,"href":"https:\/\/www.zamek-frystat.cz\/index.php\/wp-json\/wp\/v2\/users\/1"}],"replies":[{"embeddable":true,"href":"https:\/\/www.zamek-frystat.cz\/index.php\/wp-json\/wp\/v2\/comments?post=168"}],"version-history":[{"count":20,"href":"https:\/\/www.zamek-frystat.cz\/index.php\/wp-json\/wp\/v2\/pages\/168\/revisions"}],"predecessor-version":[{"id":3153,"href":"https:\/\/www.zamek-frystat.cz\/index.php\/wp-json\/wp\/v2\/pages\/168\/revisions\/3153"}],"wp:attachment":[{"href":"https:\/\/www.zamek-frystat.cz\/index.php\/wp-json\/wp\/v2\/media?parent=168"}],"curies":[{"name":"wp","href":"https:\/\/api.w.org\/{rel}","templated":true}]}}