{"id":175,"date":"2016-08-17T08:59:27","date_gmt":"2016-08-17T07:59:27","guid":{"rendered":"http:\/\/zamek-frystat.karvina.org\/?page_id=175"},"modified":"2026-04-28T10:29:28","modified_gmt":"2026-04-28T08:29:28","slug":"jizdy-kocarem","status":"publish","type":"page","link":"https:\/\/www.zamek-frystat.cz\/index.php\/jizdy-kocarem\/","title":{"rendered":"J\u00edzdy ko\u010d\u00e1rem"},"content":{"rendered":"<p><strong>V roce 2027 to bude ji\u017e neuv\u011b\u0159iteln\u00e1 20. sezona, co nep\u0159etr\u017eit\u011b nab\u00edz\u00edme ko\u010d\u00e1rov\u00e9 j\u00edzdy z\u00e1meck\u00fdm parkem.\u00a0<\/strong><\/p>\n<p><span style=\"color: #000000;\">Nostalgick\u00e9 j\u00edzdy m\u011bstem aneb pozn\u00e1v\u00e1me Karvinou v historick\u00e9m ko\u010d\u00e1\u0159e ta\u017een\u00e9m ko\u0148sk\u00fdm sp\u0159e\u017een\u00edm &#8211; tuto jedine\u010dnou slu\u017ebu v cel\u00e9m regionu provozujeme ji\u017e od roku 2007!<\/span><\/p>\n<p><span style=\"color: #000000;\">Obzvl\u00e1\u0161t\u011b romantici ocen\u00ed j\u00edzdu ko\u010d\u00e1rem ta\u017een\u00e9m n\u00e1dhern\u00fdm ko\u0148sk\u00fdm sp\u0159e\u017een\u00edm. Pohodln\u011b se tedy usa\u010fte a zaposlouchejte se do klapotu kopyt. Nostalgick\u00e1 proj\u00ed\u017e\u010fka historick\u00fdm j\u00e1drem m\u011bsta v\u00e1s p\u0159enese do star\u00fdch dobr\u00fdch \u010das\u016f\u2026<\/span><\/p>\n<p><span style=\"color: #000000;\">P\u0159ejeme v\u00e1m kouzeln\u00e9 z\u00e1\u017eitky!<\/span><\/p>\n<p>&nbsp;<\/p>\n<p><img loading=\"lazy\" decoding=\"async\" class=\"alignnone wp-image-563\" src=\"https:\/\/www.zamek-frystat.cz\/wp-content\/uploads\/2016\/08\/841.Ko\u010d\u00e1rkon\u011b-v-parku-300x195.jpg\" alt=\"841-kocarkone-v-parku\" width=\"394\" height=\"256\" srcset=\"https:\/\/www.zamek-frystat.cz\/wp-content\/uploads\/2016\/08\/841.Ko\u010d\u00e1rkon\u011b-v-parku-300x195.jpg 300w, https:\/\/www.zamek-frystat.cz\/wp-content\/uploads\/2016\/08\/841.Ko\u010d\u00e1rkon\u011b-v-parku-768x500.jpg 768w, https:\/\/www.zamek-frystat.cz\/wp-content\/uploads\/2016\/08\/841.Ko\u010d\u00e1rkon\u011b-v-parku-1024x667.jpg 1024w, https:\/\/www.zamek-frystat.cz\/wp-content\/uploads\/2016\/08\/841.Ko\u010d\u00e1rkon\u011b-v-parku.jpg 1652w\" sizes=\"auto, (max-width: 394px) 100vw, 394px\" \/> <img loading=\"lazy\" decoding=\"async\" class=\"alignnone wp-image-562\" src=\"https:\/\/www.zamek-frystat.cz\/wp-content\/uploads\/2016\/08\/836.Z\u00e1mek-Fry\u0161t\u00e1t-ko\u010d\u00e1rkon\u011b-300x220.jpg\" alt=\"836-zamek-frystat-kocarkone\" width=\"349\" height=\"256\" srcset=\"https:\/\/www.zamek-frystat.cz\/wp-content\/uploads\/2016\/08\/836.Z\u00e1mek-Fry\u0161t\u00e1t-ko\u010d\u00e1rkon\u011b-300x220.jpg 300w, https:\/\/www.zamek-frystat.cz\/wp-content\/uploads\/2016\/08\/836.Z\u00e1mek-Fry\u0161t\u00e1t-ko\u010d\u00e1rkon\u011b-768x564.jpg 768w, https:\/\/www.zamek-frystat.cz\/wp-content\/uploads\/2016\/08\/836.Z\u00e1mek-Fry\u0161t\u00e1t-ko\u010d\u00e1rkon\u011b-1024x752.jpg 1024w, https:\/\/www.zamek-frystat.cz\/wp-content\/uploads\/2016\/08\/836.Z\u00e1mek-Fry\u0161t\u00e1t-ko\u010d\u00e1rkon\u011b.jpg 1458w\" sizes=\"auto, (max-width: 349px) 100vw, 349px\" \/><\/p>\n<p>J<span style=\"color: #000000;\">\u00edzdy ko\u010d\u00e1rem prob\u00edhaj\u00ed b\u011bhem letn\u00edch pr\u00e1zdnin. Konkr\u00e9tn\u00ed term\u00edny na dan\u00fd rok jsou vyps\u00e1ny n\u00ed\u017ee. J\u00edzdy se nekonaj\u00ed pouze za velmi \u0161patn\u00e9ho po\u010das\u00ed. Stanovi\u0161t\u011b je na Masarykov\u011b n\u00e1m\u011bst\u00ed ve Fry\u0161t\u00e1t\u011b, p\u0159ed z\u00e1mkem. Trasa vede historick\u00fdm j\u00e1drem a z v\u011bt\u0161\u00ed \u010d\u00e1sti z\u00e1meck\u00fdm parkem (park B. N\u011bmcov\u00e9).<\/span><\/p>\n<p><span style=\"color: #000000;\"><strong>Ceny stanoven\u00e9 podle kalend\u00e1\u0159e pravideln\u00fdch j\u00edzd:<\/strong><\/span><br \/>\n<span style=\"color: #000000;\">400 K\u010d \u2013 cca 1 hodina\/ko\u010d\u00e1r<\/span><br \/>\n<span style=\"color: #000000;\">200 K\u010d \u2013 cca \u00bd hodiny\/ko\u010d\u00e1r<\/span><\/p>\n<p>&nbsp;<\/p>\n<p><img loading=\"lazy\" decoding=\"async\" class=\"alignnone wp-image-576\" src=\"https:\/\/www.zamek-frystat.cz\/wp-content\/uploads\/2016\/08\/karvina_BZ_ko\u010d\u00e1r_182-300x225.jpg\" alt=\"karvina_bz_kocar_182\" width=\"343\" height=\"257\" srcset=\"https:\/\/www.zamek-frystat.cz\/wp-content\/uploads\/2016\/08\/karvina_BZ_ko\u010d\u00e1r_182-300x225.jpg 300w, https:\/\/www.zamek-frystat.cz\/wp-content\/uploads\/2016\/08\/karvina_BZ_ko\u010d\u00e1r_182-768x576.jpg 768w, https:\/\/www.zamek-frystat.cz\/wp-content\/uploads\/2016\/08\/karvina_BZ_ko\u010d\u00e1r_182-1024x768.jpg 1024w, https:\/\/www.zamek-frystat.cz\/wp-content\/uploads\/2016\/08\/karvina_BZ_ko\u010d\u00e1r_182.jpg 1469w\" sizes=\"auto, (max-width: 343px) 100vw, 343px\" \/> <img loading=\"lazy\" decoding=\"async\" class=\"alignnone wp-image-575\" src=\"https:\/\/www.zamek-frystat.cz\/wp-content\/uploads\/2016\/08\/karvina_BZ_ko\u010d\u00e1r_171-300x199.jpg\" alt=\"karvina_bz_kocar_171\" width=\"385\" height=\"255\" srcset=\"https:\/\/www.zamek-frystat.cz\/wp-content\/uploads\/2016\/08\/karvina_BZ_ko\u010d\u00e1r_171-300x199.jpg 300w, https:\/\/www.zamek-frystat.cz\/wp-content\/uploads\/2016\/08\/karvina_BZ_ko\u010d\u00e1r_171-768x510.jpg 768w, https:\/\/www.zamek-frystat.cz\/wp-content\/uploads\/2016\/08\/karvina_BZ_ko\u010d\u00e1r_171-1024x680.jpg 1024w, https:\/\/www.zamek-frystat.cz\/wp-content\/uploads\/2016\/08\/karvina_BZ_ko\u010d\u00e1r_171.jpg 1716w\" sizes=\"auto, (max-width: 385px) 100vw, 385px\" \/><\/p>\n<p><span style=\"color: #000000;\"><strong>Kalend\u00e1\u0159 j\u00edzd v roce 2026:<\/strong><\/span><\/p>\n<p><span style=\"color: #000000;\">Ko\u010d\u00e1r jezd\u00ed <strong>cel\u00e9 pr\u00e1zdniny<\/strong>, <span>tj. od 26. 6. do 29. 8.<\/span>, <strong>v p\u00e1tky a soboty <span>od 15:00 do 18:00 h<\/span><\/strong> \/MIMO 27. 6 . &#8211; j\u00edzdy jsou sou\u010d\u00e1st\u00ed z\u00e1meck\u00e9 akce a MIMO 22. 8. &#8211; jsou sou\u010d\u00e1st\u00ed ve\u010dern\u00edch prohl\u00eddek\/.<br \/>\n<\/span><\/p>\n<p><span style=\"color: #000000;\">PRO VELK\u00dd Z\u00c1JEM DOPORU\u010cUJEME, JAKO KA\u017dD\u00dd ROK, REZERVOVAT DAN\u00dd TERM\u00cdN A \u010cAS. REZERVACE SE P\u0158IJ\u00cdMAJ\u00cd OD 1. KV\u011aTNA \/max 2 rezervace na 1 telefonn\u00ed \u010d\u00edslo a jm\u00e9no\/. J\u00edzdy lze objednat na p\u016fl hodiny nebo celou hodinu.<\/span><\/p>\n<p><span style=\"color: #000000;\">J\u00edzdy rezervujte na pokladn\u011b z\u00e1mku, kde obdr\u017e\u00edte aktu\u00e1ln\u00ed informace. Rezervace je bezplatn\u00e1, je pouze nutn\u00e9 na m\u00edst\u011b vyplnit <strong>z\u00e1vaznou objedn\u00e1vku<\/strong>. Na z\u00e1klad\u011b zku\u0161enost\u00ed z minul\u00fdch let budeme vy\u017eadovat, abyste telefonicky <strong>rezervaci potvrdili<\/strong> je\u0161t\u011b v den j\u00edzdy, a to nejpozd\u011bji do 12:00 hodin, v opa\u010dn\u00e9 p\u0159\u00edpad\u011b se m\u00e1 za to, \u017ee rezervace nebyla potvrzena a tud\u00ed\u017e ze strany klienta nen\u00ed o tuto slu\u017ebu z\u00e1jem. Ko\u010d\u00e1r bude pak k dispozici dal\u0161\u00edmu z\u00e1jemci. Z\u00e1rove\u0148 si V\u00e1s dovolujeme po\u017e\u00e1dat a apelovat na va\u0161i ohleduplnost, abyste kdykoliv, kdy u\u017e budete v\u011bd\u011bt, \u017ee rezervovanou slu\u017ebu nevyu\u017eijete, tuto skute\u010dnost co nejd\u0159\u00edve nahl\u00e1sili, aby tak mohla b\u00fdt uvoln\u011bn\u00e1 j\u00edzda v\u010das nab\u00eddnuta dal\u0161\u00edmu z\u00e1jemci. O p\u0159\u00edpadn\u00fdch zm\u011bn\u00e1ch se dozv\u00edte na pokladn\u011b z\u00e1mku, p\u0159\u00edp. v\u00e1s budeme sami informovat.<\/span><\/p>\n<p><span style=\"color: #000000;\">Pokud nem\u00e1te rezervaci, nezoufejte, ob\u010das se stane, \u017ee n\u011bkdo rezervaci zru\u0161\u00ed. A to je \u0161ance pro v\u00e1s. Doporu\u010dujeme se informovat p\u0159\u00edmo na pokladn\u011b z\u00e1mku. Tak\u00e9 se m\u016f\u017eete rovnou nahl\u00e1sit jako n\u00e1hradn\u00edk, a pokud bude j\u00edzda uvoln\u011bn\u00e1, bude v\u00e1s z\u00e1mek kontaktovat.<\/span><\/p>\n<p><span style=\"color: #000000;\"><strong>Kontakt pro rezervaci:<\/strong><\/span><\/p>\n<p><span style=\"color: #000000;\">pokladna z\u00e1mku Fry\u0161t\u00e1t, Masarykovo n\u00e1m. 1, tel.:+420 596 387 340.<\/span><\/p>\n<p><span style=\"color: #000000;\">Otev\u0159eno je od \u00fater\u00fd do ned\u011ble, od 10:00 do 17:00 h.<\/span><\/p>\n<p>&nbsp;<\/p>\n<p>&nbsp;<\/p>\n<p>&nbsp;<\/p>\n<p>&nbsp;<\/p>\n<p>&nbsp;<\/p>\n<p>&nbsp;<\/p>\n<p>&nbsp;<\/p>\n<p>&nbsp;<\/p>\n<p>&nbsp;<\/p>\n","protected":false},"excerpt":{"rendered":"<p>V roce 2027 to bude ji\u017e neuv\u011b\u0159iteln\u00e1 20. sezona, co nep\u0159etr\u017eit\u011b nab\u00edz\u00edme ko\u010d\u00e1rov\u00e9 j\u00edzdy z\u00e1meck\u00fdm parkem.\u00a0 Nostalgick\u00e9 j\u00edzdy m\u011bstem aneb pozn\u00e1v\u00e1me Karvinou v historick\u00e9m ko\u010d\u00e1\u0159e ta\u017een\u00e9m ko\u0148sk\u00fdm sp\u0159e\u017een\u00edm &#8211; tuto jedine\u010dnou slu\u017ebu v cel\u00e9m regionu provozujeme ji\u017e od roku 2007! Obzvl\u00e1\u0161t\u011b romantici ocen\u00ed j\u00edzdu ko\u010d\u00e1rem ta\u017een\u00e9m n\u00e1dhern\u00fdm ko\u0148sk\u00fdm sp\u0159e\u017een\u00edm. Pohodln\u011b [&hellip;]<\/p>\n","protected":false},"author":1,"featured_media":0,"parent":0,"menu_order":0,"comment_status":"closed","ping_status":"closed","template":"","meta":{"footnotes":""},"class_list":["post-175","page","type-page","status-publish","hentry"],"_links":{"self":[{"href":"https:\/\/www.zamek-frystat.cz\/index.php\/wp-json\/wp\/v2\/pages\/175","targetHints":{"allow":["GET"]}}],"collection":[{"href":"https:\/\/www.zamek-frystat.cz\/index.php\/wp-json\/wp\/v2\/pages"}],"about":[{"href":"https:\/\/www.zamek-frystat.cz\/index.php\/wp-json\/wp\/v2\/types\/page"}],"author":[{"embeddable":true,"href":"https:\/\/www.zamek-frystat.cz\/index.php\/wp-json\/wp\/v2\/users\/1"}],"replies":[{"embeddable":true,"href":"https:\/\/www.zamek-frystat.cz\/index.php\/wp-json\/wp\/v2\/comments?post=175"}],"version-history":[{"count":43,"href":"https:\/\/www.zamek-frystat.cz\/index.php\/wp-json\/wp\/v2\/pages\/175\/revisions"}],"predecessor-version":[{"id":3741,"href":"https:\/\/www.zamek-frystat.cz\/index.php\/wp-json\/wp\/v2\/pages\/175\/revisions\/3741"}],"wp:attachment":[{"href":"https:\/\/www.zamek-frystat.cz\/index.php\/wp-json\/wp\/v2\/media?parent=175"}],"curies":[{"name":"wp","href":"https:\/\/api.w.org\/{rel}","templated":true}]}}