{"id":24,"date":"2016-08-02T14:48:39","date_gmt":"2016-08-02T13:48:39","guid":{"rendered":"http:\/\/zamek-frystat.karvina.org\/?page_id=24"},"modified":"2022-10-12T15:44:58","modified_gmt":"2022-10-12T14:44:58","slug":"historie-zamku","status":"publish","type":"page","link":"https:\/\/www.zamek-frystat.cz\/index.php\/historie-zamku\/","title":{"rendered":"Historie z\u00e1mku"},"content":{"rendered":"<p>P\u0159edpokl\u00e1d\u00e1 se, \u017ee d\u011bjiny z\u00e1mku Fry\u0161t\u00e1t se za\u010daly ps\u00e1t s po\u010d\u00e1tkem existence Fry\u0161t\u00e1tu a jeho vysazen\u00edm na m\u011bsto. V sou\u010dasn\u00e9 dob\u011b je kdysi samostatn\u00e9 m\u011bsto Fry\u0161t\u00e1t jednou z \u010d\u00e1st\u00ed m\u011bsta Karvin\u00e9. Nejprve byl pravd\u011bpodobn\u011b na tomto m\u00edst\u011b postaven d\u0159ev\u011bn\u00fd hrad v gotick\u00e9m slohu, kter\u00fd zalo\u017eili t\u011b\u0161\u00edn\u0161t\u00ed Piastovci. Fry\u0161t\u00e1t se stal pro tento dynastick\u00fd rod druhou rezidenc\u00ed hned za T\u011b\u0161\u00ednem. Pot\u00e9, co d\u0159ev\u011bn\u00e1 stavba hradu roku 1511 vyho\u0159ela, byl zde postaven renesan\u010dn\u00ed z\u00e1mek. V 15. a 16. stolet\u00ed zde s\u00eddlili n\u011bkte\u0159\u00ed t\u011b\u0161\u00edn\u0161t\u00ed v\u00e9vodov\u00e9, kte\u0159\u00ed obdarovali m\u011bsto mnoh\u00fdmi v\u00fdsadami. Ze z\u00e1znam\u016f z dobov\u00fdch kronik vypl\u00fdv\u00e1, \u017ee pr\u00e1v\u011b za doby, kdy se na hradu usadily kn\u00ed\u017eec\u00ed vdovy Ofka a Anna T\u011b\u0161\u00ednsk\u00e1, do\u0161lo k jeho v\u00fdrazn\u00e9mu zveleben\u00ed. Po po\u017e\u00e1ru vybudovan\u00e9 kn\u00ed\u017eec\u00ed s\u00eddlo v\u0161ak ji\u017e nedosahovalo p\u016fvodn\u00edho honosn\u00e9ho vzhledu. Dal\u0161\u00ed d\u011bdic Fry\u0161t\u00e1tu v\u00e9voda Bed\u0159ich Kazim\u00edr si Fry\u0161t\u00e1t p\u0159\u00edli\u0161 neobl\u00edbil a vystav\u011bl v sousedn\u00edm R\u00e1ji kr\u00e1sn\u00fd barokn\u00ed z\u00e1mek, kam tak\u00e9 r.1570 p\u0159es\u00eddlil. Vedl v\u0161ak n\u00e1kladn\u00fd \u017eivot a panstv\u00ed zadlu\u017eil. Po jeho smrti muselo b\u00fdt fry\u0161t\u00e1tsk\u00e9 kn\u00ed\u017eectv\u00ed d\u00e1no do dra\u017eby.<\/p>\n<p><img loading=\"lazy\" decoding=\"async\" class=\"size-medium wp-image-71 alignleft\" src=\"https:\/\/www.zamek-frystat.cz\/wp-content\/uploads\/2016\/08\/108140-219x300.jpg\" alt=\"108140\" width=\"219\" height=\"300\" srcset=\"https:\/\/www.zamek-frystat.cz\/wp-content\/uploads\/2016\/08\/108140-219x300.jpg 219w, https:\/\/www.zamek-frystat.cz\/wp-content\/uploads\/2016\/08\/108140.jpg 401w\" sizes=\"auto, (max-width: 219px) 100vw, 219px\" \/> <img loading=\"lazy\" decoding=\"async\" class=\"size-medium wp-image-70 alignnone\" src=\"https:\/\/www.zamek-frystat.cz\/wp-content\/uploads\/2016\/08\/108138-215x300.jpg\" alt=\"108138\" width=\"215\" height=\"300\" srcset=\"https:\/\/www.zamek-frystat.cz\/wp-content\/uploads\/2016\/08\/108138-215x300.jpg 215w, https:\/\/www.zamek-frystat.cz\/wp-content\/uploads\/2016\/08\/108138.jpg 395w\" sizes=\"auto, (max-width: 215px) 100vw, 215px\" \/><\/p>\n<p style=\"text-align: left;\"><em>P\u0159\u00edslu\u0161n\u00edci hrab\u011bc\u00edho rodu Larisch-M\u00f6nnich<\/em><\/p>\n<p>R. 1572 jej koupil zemsk\u00fd hejtman V\u00e1clav Cik\u00e1n ze Slupska . Po obdob\u00ed, kdy byl v dr\u017een\u00ed v\u00fdznamn\u00e9ho \u0161lechtick\u00e9ho rodu, se z\u00e1mek stal majetkem ni\u017e\u0161\u00edho feud\u00e1la. Ten se sice pod\u00edlel na celkov\u00e9m rozkv\u011btu panstv\u00ed rozvojem r\u016fzn\u00fdch forem podnik\u00e1n\u00ed, nap\u0159. rybnik\u00e1\u0159stv\u00ed a pivovarnictv\u00ed, z\u00e1mek v\u0161ak neobnovoval. N\u00e1sledn\u00fd po\u017e\u00e1r stihl Fry\u0161t\u00e1t r. 1617 a dal\u0161\u00ed devastaci pro n\u011bj a pro celou oblast znamenalo obdob\u00ed T\u0159icetilet\u00e9 v\u00e1lky. Cik\u00e1nov\u00e9 ze Slupska se hl\u00e1sili k protestantsk\u00e9mu n\u00e1bo\u017eenstv\u00ed, a proto museli v roce 1637 Fry\u0161t\u00e1t opustit.<\/p>\n<p>Dal\u0161\u00ed \u010dast\u00e9 st\u0159\u00edd\u00e1n\u00ed majitel\u016f z\u00e1mku jeho rozvoji rozhodn\u011b neprosp\u011blo. Nov\u00fdm majitelem se stal katolick\u00fd \u0161lechtic Zden\u011bk \u017dampach z Pot\u0161tejna, ten v\u0161ak z\u00e1mek po dvou letech prodal. Ani za doby kn\u00ed\u017eete Jind\u0159icha V\u00e1clava z Minstrberka (potomci kr\u00e1le Ji\u0159\u00edho z Pod\u011bbrad) nedo\u0161lo ke zlep\u0161en\u00ed stavu z\u00e1mku, kter\u00fd d\u00e1le ch\u00e1tral. R. 1650 z\u00e1mek p\u0159evzali Ga\u0161\u00ednov\u00e9 z Ga\u0161\u00edna , za jejich\u017e dr\u017een\u00ed se z\u00e1mek Fry\u0161t\u00e1t op\u011bt stal rodov\u00fdm s\u00eddlem. Od roku 1738 nast\u00e1v\u00e1 dal\u0161\u00ed rychl\u00e9 st\u0159\u00edd\u00e1n\u00ed majitel\u016f. B\u011bhem 11 let se zde vyst\u0159\u00eddali \u010dty\u0159i nov\u00ed majitel\u00e9 z\u00e1mku.<\/p>\n<p>V roce 1749 se zb\u011bdovan\u00fd z\u00e1mek dostal do rukou irsk\u00e9ho \u0161lechtice Mikul\u00e1\u0161e Taafa z Carlingfordu . Za neciteln\u00e9 vl\u00e1dy tohoto rodu vypukla r. 1766 selsk\u00e1 vzpoura, jej\u00edm\u017e v\u00fdsledkem bylo dokonce r. 1771 vyd\u00e1n\u00ed robotn\u00edho patentu pro Slezsko. Dal\u0161\u00ed po\u017e\u00e1r r. 1781 z\u00e1mek po\u0161kodil natolik, \u017ee vrchnost p\u0159es\u00eddlila natrvalo na r\u00e1jsk\u00fd z\u00e1mek. Nakonec byl op\u011bt z ekonomick\u00fdch d\u016fvod\u016f z\u00e1mek vydra\u017een.<\/p>\n<p>&nbsp;<\/p>\n<p><img loading=\"lazy\" decoding=\"async\" class=\"size-medium wp-image-72 aligncenter\" src=\"https:\/\/www.zamek-frystat.cz\/wp-content\/uploads\/2016\/08\/108143-226x300.jpg\" alt=\"108143\" width=\"226\" height=\"300\" srcset=\"https:\/\/www.zamek-frystat.cz\/wp-content\/uploads\/2016\/08\/108143-226x300.jpg 226w, https:\/\/www.zamek-frystat.cz\/wp-content\/uploads\/2016\/08\/108143.jpg 414w\" sizes=\"auto, (max-width: 226px) 100vw, 226px\" \/><\/p>\n<p style=\"text-align: center;\"><em>Pohled na Fry\u0161t\u00e1t roku 1735<\/em><\/p>\n<p>R. 1792 koupil Fry\u0161t\u00e1t hrab\u011bc\u00ed rod Larisch-M\u00f6nnich\u016f, v jeho\u017e dr\u017een\u00ed byl a\u017e do roku 1945. Tento rod ji\u017e od 16. stolet\u00ed s\u00eddlil na karvinsk\u00e9m panstv\u00ed. Nov\u00fd majitel za\u010dal na panstv\u00ed investovat p\u0159edev\u0161\u00edm do chovu \u0161lecht\u011bn\u00fdch ovc\u00ed. Ji\u017e v t\u00e9 dob\u011b zast\u00e1vali Larischov\u00e9 v\u00fdznamn\u00e9 zemsk\u00e9 i dvorsk\u00e9 \u00fa\u0159ady a m\u011bli velmi dobr\u00e9 postaven\u00ed u c\u00edsa\u0159sk\u00e9ho dvora. Ihned po koupi z\u00e1mku byla zah\u00e1jena jeho rozs\u00e1hl\u00e1 p\u0159estavba. Po dokon\u010den\u00ed v r. 1800 z\u00e1mek z\u00edskal \u010dist\u011b emp\u00edrovou podobu. P\u0159ed hlavn\u00ed budovou z\u00e1mku byl zalo\u017een okrasn\u00fd park, jeho\u017e st\u0159ed zdobila kamenn\u00e1 ka\u0161na. Z ji\u017en\u00ed strany byl zalo\u017een rozs\u00e1hl\u00fd p\u0159\u00edrodn\u011b krajin\u00e1\u0159sk\u00fd park v anglick\u00e9m slohu. U zdi farn\u00edho kostela byla postaven a rodov\u00e1 hrobka, pozd\u011bji byl y v are\u00e1lu dobudov\u00e1ny z\u00e1meck\u00e9 pr\u00e1delny s l\u00e1zn\u00ed a u potoka Ml\u00fdnky letohr\u00e1dek ve \u0161v\u00fdcarsk\u00e9m stylu.<\/p>\n<p>N\u00e1sledky po\u017e\u00e1ru v roce 1823 byly odstran\u011bny neprodlen\u011b, nav\u00edc se d\u00e1le pokra\u010dovalo v \u00faprav\u00e1ch parku.<\/p>\n<p>V 60. letech 19. stolet\u00ed do\u0161lo k dal\u0161\u00edmu zvelebov\u00e1n\u00ed z\u00e1mku a jeho p\u0159izp\u016fsoben\u00ed vysok\u00e9mu postaven\u00ed hrab\u011bte Jana, kter\u00fd mimo sv\u00e9 \u010detn\u00e9 tituly a \u0159\u00e1dy, zast\u00e1val funkci rakousk\u00e9ho ministra financ\u00ed a stal se d\u011bdi\u010dn\u00fdm \u010dlenem pansk\u00e9 sn\u011bmovny rakousk\u00e9 \u0159\u00ed\u0161sk\u00e9 rady. V t\u00e9 dob\u011b v\u0161ak za\u010dala v\u00fdstavba nov\u00e9ho honosn\u00e9ho s\u00eddla v \u010d\u00e1sti Solca. Na nov\u00fd novorenesan\u010dn\u00ed z\u00e1mek Solca, kter\u00fd byl dokon\u010den r. 1873, se pak cel\u00e1 hrab\u011bc\u00ed rodina p\u0159es\u00eddlila. Toto s\u00eddlo nav\u0161t\u00edvil dokonce korunn\u00ed princ Rudolf.<\/p>\n<p>Z\u00e1mek Fry\u0161t\u00e1t byl mezit\u00edm ob\u00fdv\u00e1n synovcem hrab\u011bte Ji\u0159\u00edm Larischem (obr.1), kter\u00fd zde velmi kr\u00e1tce pob\u00fdval se svou chot\u00ed Mari\u00ed z Wallersee (obr.2), nete\u0159\u00ed c\u00edsa\u0159ovny Al\u017eb\u011bty (posledn\u00ed obr.). Hrab\u011bnka Marie Louisa, zprvu obl\u00edbenkyn\u011b c\u00edsa\u0159ovny, byla v\u0161ak pozd\u011bji nechvaln\u011b spojov\u00e1na se skand\u00e1lem kolem Mayerlingsk\u00e9 trag\u00e9die a smrti prince Rudolfa (obr.3), kter\u00fd sp\u00e1chal sebevra\u017edu se svou milenkou Mari\u00ed Vetserovou (obr.4).<\/p>\n<p><img loading=\"lazy\" decoding=\"async\" class=\"alignnone wp-image-531\" src=\"https:\/\/www.zamek-frystat.cz\/wp-content\/uploads\/2016\/08\/24-\u2013-kopie-221x300.jpg\" alt=\"24-kopie\" width=\"213\" height=\"289\" srcset=\"https:\/\/www.zamek-frystat.cz\/wp-content\/uploads\/2016\/08\/24-\u2013-kopie-221x300.jpg 221w, https:\/\/www.zamek-frystat.cz\/wp-content\/uploads\/2016\/08\/24-\u2013-kopie.jpg 503w\" sizes=\"auto, (max-width: 213px) 100vw, 213px\" \/> <img loading=\"lazy\" decoding=\"async\" class=\"alignnone wp-image-533\" src=\"https:\/\/www.zamek-frystat.cz\/wp-content\/uploads\/2016\/08\/543497739-\u2013-kopie-224x300.jpg\" alt=\"543497739-kopie\" width=\"213\" height=\"285\" srcset=\"https:\/\/www.zamek-frystat.cz\/wp-content\/uploads\/2016\/08\/543497739-\u2013-kopie-224x300.jpg 224w, https:\/\/www.zamek-frystat.cz\/wp-content\/uploads\/2016\/08\/543497739-\u2013-kopie.jpg 248w\" sizes=\"auto, (max-width: 213px) 100vw, 213px\" \/> <img loading=\"lazy\" decoding=\"async\" class=\"alignnone wp-image-539\" src=\"https:\/\/www.zamek-frystat.cz\/wp-content\/uploads\/2016\/08\/Nov\u00fd-Dokument-aplikace-Microsoft-Word_Str\u00e1nka_2-212x300.jpg\" alt=\"novy-dokument-aplikace-microsoft-word_stranka_2\" width=\"202\" height=\"286\" srcset=\"https:\/\/www.zamek-frystat.cz\/wp-content\/uploads\/2016\/08\/Nov\u00fd-Dokument-aplikace-Microsoft-Word_Str\u00e1nka_2-212x300.jpg 212w, https:\/\/www.zamek-frystat.cz\/wp-content\/uploads\/2016\/08\/Nov\u00fd-Dokument-aplikace-Microsoft-Word_Str\u00e1nka_2-768x1086.jpg 768w, https:\/\/www.zamek-frystat.cz\/wp-content\/uploads\/2016\/08\/Nov\u00fd-Dokument-aplikace-Microsoft-Word_Str\u00e1nka_2-724x1024.jpg 724w, https:\/\/www.zamek-frystat.cz\/wp-content\/uploads\/2016\/08\/Nov\u00fd-Dokument-aplikace-Microsoft-Word_Str\u00e1nka_2.jpg 1654w\" sizes=\"auto, (max-width: 202px) 100vw, 202px\" \/> <img loading=\"lazy\" decoding=\"async\" class=\"alignnone wp-image-537\" src=\"https:\/\/www.zamek-frystat.cz\/wp-content\/uploads\/2016\/08\/mary_vetsera__1888_by_klimbims-d8ay930-206x300.jpg\" alt=\"mary_vetsera__1888_by_klimbims-d8ay930\" width=\"195\" height=\"284\" srcset=\"https:\/\/www.zamek-frystat.cz\/wp-content\/uploads\/2016\/08\/mary_vetsera__1888_by_klimbims-d8ay930-206x300.jpg 206w, https:\/\/www.zamek-frystat.cz\/wp-content\/uploads\/2016\/08\/mary_vetsera__1888_by_klimbims-d8ay930-768x1119.jpg 768w, https:\/\/www.zamek-frystat.cz\/wp-content\/uploads\/2016\/08\/mary_vetsera__1888_by_klimbims-d8ay930-703x1024.jpg 703w, https:\/\/www.zamek-frystat.cz\/wp-content\/uploads\/2016\/08\/mary_vetsera__1888_by_klimbims-d8ay930.jpg 900w\" sizes=\"auto, (max-width: 195px) 100vw, 195px\" \/> <img loading=\"lazy\" decoding=\"async\" class=\"alignnone wp-image-532\" src=\"https:\/\/www.zamek-frystat.cz\/wp-content\/uploads\/2016\/08\/1865-empress-elisabeth-of-237x300.jpg\" alt=\"1865-empress-elisabeth-of\" width=\"224\" height=\"283\" srcset=\"https:\/\/www.zamek-frystat.cz\/wp-content\/uploads\/2016\/08\/1865-empress-elisabeth-of-237x300.jpg 237w, https:\/\/www.zamek-frystat.cz\/wp-content\/uploads\/2016\/08\/1865-empress-elisabeth-of-768x970.jpg 768w, https:\/\/www.zamek-frystat.cz\/wp-content\/uploads\/2016\/08\/1865-empress-elisabeth-of-810x1024.jpg 810w, https:\/\/www.zamek-frystat.cz\/wp-content\/uploads\/2016\/08\/1865-empress-elisabeth-of.jpg 1013w\" sizes=\"auto, (max-width: 224px) 100vw, 224px\" \/><\/p>\n<p>&nbsp;<\/p>\n<p>Za dr\u017een\u00ed hrab\u011bte Jind\u0159icha za\u010d\u00e1tkem 20. stolet\u00ed hostil z\u00e1mek Fry\u0161t\u00e1t mnoho v\u00fdzna\u010dn\u00fdch osobnost\u00ed &#8211; p\u0159edev\u0161\u00edm n\u00e1sledn\u00edka rakousk\u00e9ho tr\u016fnu arciv\u00e9vodu Ferdinanda d\u00b4Este, n\u011bmeck\u00e9ho c\u00edsa\u0159e Vil\u00e9ma II. a bulharsk\u00e9ho cara Ferdinanda. Sou\u010d\u00e1st\u00ed panstv\u00ed a majetku Larisch\u016f byly i \u010dernouheln\u00e9 doly, kter\u00e9 byly zakl\u00e1d\u00e1ny prakticky ji\u017e od nalezen\u00ed z\u00e1sob \u010de,rn\u00e9ho uhl\u00ed v t\u00e9to oblasti koncem 18. stolet\u00ed.<\/p>\n<p>&nbsp;<\/p>\n<p>Posledn\u00ed majitel z\u00e1mku hrab\u011b Jan, kter\u00fd se na z\u00e1mku Fry\u0161t\u00e1t narodil, p\u0159es\u00eddlil natrvalo na z\u00e1mek Solca. Z\u00e1mek byl od t\u00e9 doby vyu\u017e\u00edv\u00e1n k ob\u010dasn\u00fdm n\u00e1v\u0161t\u011bv\u00e1m panstva.<\/p>\n<p>V roce 1945 byl z\u00e1mek zkonfiskov\u00e1n a stal se majetkem \u010deskoslovensk\u00e9ho st\u00e1tu. Od t\u00e9 doby byl z\u00e1mek u\u017e\u00edv\u00e1n gener\u00e1ln\u00edm \u0159editelstv\u00edm OKD, pozd\u011bji zde byl um\u00edst\u011bn M\u011bstsk\u00fd n\u00e1rodn\u00ed v\u00fdbor. Zkonfiskovan\u00fd mobili\u00e1\u0159 z\u00e1mku byl d\u00edlem rozm\u00edst\u011bn do r\u016fzn\u00fdch sb\u00edrkov\u00fdch fond\u016f z\u00e1mk\u016f, muze\u00ed a knihoven, d\u00edlem rozprod\u00e1n a d\u00edlem, pravd\u011bpodobn\u011b, i rozkraden.<\/p>\n<p>V 50. a 60. letech byly na z\u00e1mku provedeny necitliv\u00e9 a mnohdy nevkusn\u00e9 stavebn\u00ed z\u00e1sahy.<\/p>\n<p>Od roku 1990 je z\u00e1mek spolu s parkem ve vlastnictv\u00ed m\u011bsta Karvin\u00e9. Od roku 1994 do roku 1997 prob\u00edhala rekonstrukce hlavn\u00ed budovy z\u00e1mku, kter\u00fd byl ji\u017e na podzim r. 1997 zp\u0159\u00edstupn\u011bn ve\u0159ejnosti.<\/p>\n<p>P\u0159esto, \u017ee p\u016fvodn\u011b nebylo dal\u0161\u00ed vyu\u017eit\u00ed t\u00e9to pam\u00e1tky zcela jist\u00e9, d\u00edky <strong>PhDr. Romanu Nogolovi<\/strong> a <strong>PhDr. Alexand\u0159e Rebrov\u00e9<\/strong> z Magistr\u00e1tu m\u011bsta Karvin\u00e9, bylo zaji\u0161t\u011bno mnoh\u00e9 z konfiskovan\u00e9ho p\u016fvodn\u00edho vybaven\u00ed t\u0159\u00ed b\u00fdval\u00fdch karvinsk\u00fdch z\u00e1mk\u016f \u2013 Fry\u0161t\u00e1t, Solca a R\u00e1j. Z\u00e1mek tak nyn\u00ed m\u016f\u017ee nab\u00eddnout st\u00e1lou historickou expozici \u0161lechtick\u00e9ho bydlen\u00ed 16. a\u017e 20. stolet\u00ed.<\/p>\n<p>Na tuto rekonstrukci nav\u00e1zala rekonstrukce vedlej\u0161\u00ed budovy Lottyhaus, kter\u00e1 byla pro ve\u0159ejnost otev\u0159ena v z\u00e1\u0159\u00ed 2003. Pokra\u010duje zde prohl\u00eddka st\u00e1l\u00e9 historick\u00e9 expozice z\u00e1mku, nav\u00edc zde byla um\u00edst\u011bna pobo\u010dka N\u00e1rodn\u00ed galerie Praha s v\u00fdstavou \u010desk\u00e9ho um\u011bn\u00ed 19. stolet\u00ed.<\/p>\n<p>O historii z\u00e1mku se m\u016f\u017eete dozv\u011bd\u011bt v\u00edce z odborn\u00fdch\u00a0 knih a dal\u0161\u00edch publikac\u00ed vydan\u00fdch odd\u011blen\u00edm spr\u00e1vy z\u00e1mku a pam\u00e1tkov\u00e9 p\u00e9\u010de Magistr\u00e1tu m\u011bsta Karvin\u00e9.<\/p>\n<p><em>Pramen:<\/em><\/p>\n<p><em>PhDr. Alexandra Rebrov\u00e1: Z\u00e1mek Fry\u0161t\u00e1t<\/em><\/p>\n","protected":false},"excerpt":{"rendered":"<p>P\u0159edpokl\u00e1d\u00e1 se, \u017ee d\u011bjiny z\u00e1mku Fry\u0161t\u00e1t se za\u010daly ps\u00e1t s po\u010d\u00e1tkem existence Fry\u0161t\u00e1tu a jeho vysazen\u00edm na m\u011bsto. V sou\u010dasn\u00e9 dob\u011b je kdysi samostatn\u00e9 m\u011bsto Fry\u0161t\u00e1t jednou z \u010d\u00e1st\u00ed m\u011bsta Karvin\u00e9. Nejprve byl pravd\u011bpodobn\u011b na tomto m\u00edst\u011b postaven d\u0159ev\u011bn\u00fd hrad v gotick\u00e9m slohu, kter\u00fd zalo\u017eili t\u011b\u0161\u00edn\u0161t\u00ed Piastovci. Fry\u0161t\u00e1t se stal [&hellip;]<\/p>\n","protected":false},"author":1,"featured_media":0,"parent":0,"menu_order":0,"comment_status":"closed","ping_status":"closed","template":"","meta":{"footnotes":""},"class_list":["post-24","page","type-page","status-publish","hentry"],"_links":{"self":[{"href":"https:\/\/www.zamek-frystat.cz\/index.php\/wp-json\/wp\/v2\/pages\/24","targetHints":{"allow":["GET"]}}],"collection":[{"href":"https:\/\/www.zamek-frystat.cz\/index.php\/wp-json\/wp\/v2\/pages"}],"about":[{"href":"https:\/\/www.zamek-frystat.cz\/index.php\/wp-json\/wp\/v2\/types\/page"}],"author":[{"embeddable":true,"href":"https:\/\/www.zamek-frystat.cz\/index.php\/wp-json\/wp\/v2\/users\/1"}],"replies":[{"embeddable":true,"href":"https:\/\/www.zamek-frystat.cz\/index.php\/wp-json\/wp\/v2\/comments?post=24"}],"version-history":[{"count":15,"href":"https:\/\/www.zamek-frystat.cz\/index.php\/wp-json\/wp\/v2\/pages\/24\/revisions"}],"predecessor-version":[{"id":2360,"href":"https:\/\/www.zamek-frystat.cz\/index.php\/wp-json\/wp\/v2\/pages\/24\/revisions\/2360"}],"wp:attachment":[{"href":"https:\/\/www.zamek-frystat.cz\/index.php\/wp-json\/wp\/v2\/media?parent=24"}],"curies":[{"name":"wp","href":"https:\/\/api.w.org\/{rel}","templated":true}]}}