{"id":418,"date":"2016-10-05T08:04:43","date_gmt":"2016-10-05T07:04:43","guid":{"rendered":"http:\/\/zamek-frystat.karvina.org\/?page_id=418"},"modified":"2025-05-19T10:44:13","modified_gmt":"2025-05-19T09:44:13","slug":"trasa-vystavni","status":"publish","type":"page","link":"https:\/\/www.zamek-frystat.cz\/index.php\/trasa-vystavni\/","title":{"rendered":"Trasa v\u00fdstavn\u00ed &#8211; V. okruh"},"content":{"rendered":"<h1><strong>V. trasa<\/strong><\/h1>\n<p><span style=\"color: #ff0000;\">V sou\u010dasn\u00e9 dob\u011b je prostor uzav\u0159en z d\u016fvodu p\u0159\u00edpravy nov\u00e9 expozice zam\u011b\u0159en\u00e9 na \u0161lechtick\u00e1 s\u00eddla Karvin\u00e9. <br \/><\/span><\/p>\n<p><span style=\"color: #ff0000;\">\u00a0<\/span><\/p>\n<p><strong>Jak prohl\u00eddky prob\u00edhaj\u00ed\u2026<\/strong><\/p>\n<p>Jedna st\u00e1l\u00e1 a dal\u0161\u00ed tematick\u00e9 v\u00fdstavy se konaj\u00ed v prostor\u00e1ch V\u00fdstavn\u00ed s\u00edn\u011b z\u00e1mku, kter\u00e9 se nach\u00e1zej\u00ed v p\u0159\u00edzem\u00ed, vpravo od hlavn\u00edho vstupu do z\u00e1mku. Nach\u00e1z\u00ed se zde t\u0159i v\u00fdstavn\u00ed prostory a sklepen\u00ed, kde se rovn\u011b\u017e po\u0159\u00e1daj\u00ed speci\u00e1ln\u00ed v\u00fdstavy. Prohl\u00eddky vesm\u011bs trvaj\u00ed p\u016fl hodiny. Tematick\u00e9 v\u00fdstavy maj\u00ed samostatn\u00fd n\u00e1v\u0161t\u011bvn\u00ed re\u017eim. Vstup na invalidn\u00edch voz\u00edc\u00edch po dohod\u011b a stejn\u011b tak s asisten\u010dn\u00edmi psy.<\/p>\n<p>&nbsp;<\/p>\n<p><img loading=\"lazy\" decoding=\"async\" class=\"alignnone wp-image-506\" src=\"https:\/\/www.zamek-frystat.cz\/wp-content\/uploads\/2016\/10\/MHA_2255-300x200.jpg\" alt=\"mha_2255\" width=\"449\" height=\"300\" srcset=\"https:\/\/www.zamek-frystat.cz\/wp-content\/uploads\/2016\/10\/MHA_2255-300x200.jpg 300w, https:\/\/www.zamek-frystat.cz\/wp-content\/uploads\/2016\/10\/MHA_2255-768x512.jpg 768w, https:\/\/www.zamek-frystat.cz\/wp-content\/uploads\/2016\/10\/MHA_2255-1024x683.jpg 1024w\" sizes=\"auto, (max-width: 449px) 100vw, 449px\" \/> <img loading=\"lazy\" decoding=\"async\" class=\"alignnone wp-image-507\" src=\"https:\/\/www.zamek-frystat.cz\/wp-content\/uploads\/2016\/10\/SAM_0704-300x225.jpg\" alt=\"sam_0704\" width=\"398\" height=\"298\" srcset=\"https:\/\/www.zamek-frystat.cz\/wp-content\/uploads\/2016\/10\/SAM_0704-300x225.jpg 300w, https:\/\/www.zamek-frystat.cz\/wp-content\/uploads\/2016\/10\/SAM_0704-768x576.jpg 768w, https:\/\/www.zamek-frystat.cz\/wp-content\/uploads\/2016\/10\/SAM_0704-1024x768.jpg 1024w, https:\/\/www.zamek-frystat.cz\/wp-content\/uploads\/2016\/10\/SAM_0704.jpg 1296w\" sizes=\"auto, (max-width: 398px) 100vw, 398px\" \/><\/p>\n<p>&nbsp;<\/p>\n<p><strong>Co zde m\u016f\u017eete vid\u011bt\u2026<\/strong><\/p>\n<p>St\u00e1l\u00e1 expozice byla v minul\u00e9m obdob\u00ed v\u011bnovan\u00e1 karvinsk\u00e9mu rod\u00e1kovi, mal\u00ed\u0159i a socha\u0159i Jind\u0159ichu Wielgusovi. Moment\u00e1ln\u011b se p\u0159ipravuje expozice nov\u00e1, zam\u011b\u0159en\u00e1 na historii posledn\u00edch majitel\u016f z\u00e1mku a jejich panstv\u00ed. Zde si m\u016f\u017eete alespo\u0148 je\u0161t\u011b prohl\u00e9dnout z\u00e1b\u011bry b\u00fdval\u00e9 expozice. Dal\u0161\u00ed v\u00fdstavy, kter\u00e9 se v t\u011bchto prostorech p\u0159\u00edle\u017eitostn\u011b konaj\u00ed, zahrnuj\u00ed nap\u0159\u00edkad region\u00e1ln\u00ed um\u011bleckou tvorbu nebo tematick\u00e9 v\u00fdstavy o z\u00e1mku a m\u011bst\u011b.<\/p>\n<p><img loading=\"lazy\" decoding=\"async\" class=\"alignnone wp-image-857 size-medium\" src=\"https:\/\/www.zamek-frystat.cz\/wp-content\/uploads\/2016\/10\/11.-Hornick\u00fd-u\u010de\u0148-patinovan\u00e1-s\u00e1dra-210x300.jpg\" alt=\"\" width=\"210\" height=\"300\" srcset=\"https:\/\/www.zamek-frystat.cz\/wp-content\/uploads\/2016\/10\/11.-Hornick\u00fd-u\u010de\u0148-patinovan\u00e1-s\u00e1dra-210x300.jpg 210w, https:\/\/www.zamek-frystat.cz\/wp-content\/uploads\/2016\/10\/11.-Hornick\u00fd-u\u010de\u0148-patinovan\u00e1-s\u00e1dra-768x1100.jpg 768w, https:\/\/www.zamek-frystat.cz\/wp-content\/uploads\/2016\/10\/11.-Hornick\u00fd-u\u010de\u0148-patinovan\u00e1-s\u00e1dra-715x1024.jpg 715w\" sizes=\"auto, (max-width: 210px) 100vw, 210px\" \/><img loading=\"lazy\" decoding=\"async\" class=\"alignnone wp-image-856 size-medium\" src=\"https:\/\/www.zamek-frystat.cz\/wp-content\/uploads\/2016\/10\/16.-Pl\u00e1\u010d-t\u0159\u00ed-Mari\u00ed-polychromovan\u00e9-d\u0159evo-233x300.jpg\" alt=\"\" width=\"233\" height=\"300\" srcset=\"https:\/\/www.zamek-frystat.cz\/wp-content\/uploads\/2016\/10\/16.-Pl\u00e1\u010d-t\u0159\u00ed-Mari\u00ed-polychromovan\u00e9-d\u0159evo-233x300.jpg 233w, https:\/\/www.zamek-frystat.cz\/wp-content\/uploads\/2016\/10\/16.-Pl\u00e1\u010d-t\u0159\u00ed-Mari\u00ed-polychromovan\u00e9-d\u0159evo-768x991.jpg 768w, https:\/\/www.zamek-frystat.cz\/wp-content\/uploads\/2016\/10\/16.-Pl\u00e1\u010d-t\u0159\u00ed-Mari\u00ed-polychromovan\u00e9-d\u0159evo-794x1024.jpg 794w\" sizes=\"auto, (max-width: 233px) 100vw, 233px\" \/><img loading=\"lazy\" decoding=\"async\" src=\"https:\/\/www.zamek-frystat.cz\/wp-content\/uploads\/2025\/03\/IMG_20241204_101217-768x1024.jpg\" alt=\"\" width=\"227\" height=\"302\" class=\"alignnone  wp-image-3398\" srcset=\"https:\/\/www.zamek-frystat.cz\/wp-content\/uploads\/2025\/03\/IMG_20241204_101217-768x1024.jpg 768w, https:\/\/www.zamek-frystat.cz\/wp-content\/uploads\/2025\/03\/IMG_20241204_101217-225x300.jpg 225w, https:\/\/www.zamek-frystat.cz\/wp-content\/uploads\/2025\/03\/IMG_20241204_101217-1152x1536.jpg 1152w, https:\/\/www.zamek-frystat.cz\/wp-content\/uploads\/2025\/03\/IMG_20241204_101217-1536x2048.jpg 1536w, https:\/\/www.zamek-frystat.cz\/wp-content\/uploads\/2025\/03\/IMG_20241204_101217-scaled.jpg 1920w\" sizes=\"auto, (max-width: 227px) 100vw, 227px\" \/><\/p>\n<p><img loading=\"lazy\" decoding=\"async\" src=\"https:\/\/www.zamek-frystat.cz\/wp-content\/uploads\/2025\/03\/IMG_20241204_101311-1024x768.jpg\" alt=\"\" width=\"328\" height=\"246\" class=\"alignnone  wp-image-3399\" srcset=\"https:\/\/www.zamek-frystat.cz\/wp-content\/uploads\/2025\/03\/IMG_20241204_101311-1024x768.jpg 1024w, https:\/\/www.zamek-frystat.cz\/wp-content\/uploads\/2025\/03\/IMG_20241204_101311-300x225.jpg 300w, https:\/\/www.zamek-frystat.cz\/wp-content\/uploads\/2025\/03\/IMG_20241204_101311-768x576.jpg 768w, https:\/\/www.zamek-frystat.cz\/wp-content\/uploads\/2025\/03\/IMG_20241204_101311-1536x1152.jpg 1536w, https:\/\/www.zamek-frystat.cz\/wp-content\/uploads\/2025\/03\/IMG_20241204_101311-2048x1536.jpg 2048w\" sizes=\"auto, (max-width: 328px) 100vw, 328px\" \/> <img loading=\"lazy\" decoding=\"async\" src=\"https:\/\/www.zamek-frystat.cz\/wp-content\/uploads\/2025\/03\/IMG_20241204_101433-1024x768.jpg\" alt=\"\" width=\"326\" height=\"245\" class=\"alignnone  wp-image-3400\" srcset=\"https:\/\/www.zamek-frystat.cz\/wp-content\/uploads\/2025\/03\/IMG_20241204_101433-1024x768.jpg 1024w, https:\/\/www.zamek-frystat.cz\/wp-content\/uploads\/2025\/03\/IMG_20241204_101433-300x225.jpg 300w, https:\/\/www.zamek-frystat.cz\/wp-content\/uploads\/2025\/03\/IMG_20241204_101433-768x576.jpg 768w, https:\/\/www.zamek-frystat.cz\/wp-content\/uploads\/2025\/03\/IMG_20241204_101433-1536x1152.jpg 1536w, https:\/\/www.zamek-frystat.cz\/wp-content\/uploads\/2025\/03\/IMG_20241204_101433-2048x1536.jpg 2048w\" sizes=\"auto, (max-width: 326px) 100vw, 326px\" \/>\u00a0 <img loading=\"lazy\" decoding=\"async\" src=\"https:\/\/www.zamek-frystat.cz\/wp-content\/uploads\/2025\/03\/IMG_20241204_101208-1024x768.jpg\" alt=\"\" width=\"326\" height=\"245\" class=\"alignnone  wp-image-3397\" srcset=\"https:\/\/www.zamek-frystat.cz\/wp-content\/uploads\/2025\/03\/IMG_20241204_101208-1024x768.jpg 1024w, https:\/\/www.zamek-frystat.cz\/wp-content\/uploads\/2025\/03\/IMG_20241204_101208-300x225.jpg 300w, https:\/\/www.zamek-frystat.cz\/wp-content\/uploads\/2025\/03\/IMG_20241204_101208-768x576.jpg 768w, https:\/\/www.zamek-frystat.cz\/wp-content\/uploads\/2025\/03\/IMG_20241204_101208-1536x1152.jpg 1536w, https:\/\/www.zamek-frystat.cz\/wp-content\/uploads\/2025\/03\/IMG_20241204_101208-2048x1536.jpg 2048w\" sizes=\"auto, (max-width: 326px) 100vw, 326px\" \/> <img loading=\"lazy\" decoding=\"async\" src=\"https:\/\/www.zamek-frystat.cz\/wp-content\/uploads\/2025\/03\/IMG_20241204_101155-1024x768.jpg\" alt=\"\" width=\"325\" height=\"244\" class=\"alignnone  wp-image-3396\" srcset=\"https:\/\/www.zamek-frystat.cz\/wp-content\/uploads\/2025\/03\/IMG_20241204_101155-1024x768.jpg 1024w, https:\/\/www.zamek-frystat.cz\/wp-content\/uploads\/2025\/03\/IMG_20241204_101155-300x225.jpg 300w, https:\/\/www.zamek-frystat.cz\/wp-content\/uploads\/2025\/03\/IMG_20241204_101155-768x576.jpg 768w, https:\/\/www.zamek-frystat.cz\/wp-content\/uploads\/2025\/03\/IMG_20241204_101155-1536x1152.jpg 1536w, https:\/\/www.zamek-frystat.cz\/wp-content\/uploads\/2025\/03\/IMG_20241204_101155-2048x1536.jpg 2048w\" sizes=\"auto, (max-width: 325px) 100vw, 325px\" \/><\/p>\n<p><strong>Otev\u00edrac\u00ed dobu a vstupn\u00e9 najdete v \u010d\u00e1sti INFORMACE PRO N\u00c1V\u0160T\u011aVN\u00cdKY.\u00a0<\/strong><\/p>\n\n\n<p><\/p>\n","protected":false},"excerpt":{"rendered":"<p>V. trasa V sou\u010dasn\u00e9 dob\u011b je prostor uzav\u0159en z d\u016fvodu p\u0159\u00edpravy nov\u00e9 expozice zam\u011b\u0159en\u00e9 na \u0161lechtick\u00e1 s\u00eddla Karvin\u00e9. \u00a0 Jak prohl\u00eddky prob\u00edhaj\u00ed\u2026 Jedna st\u00e1l\u00e1 a dal\u0161\u00ed tematick\u00e9 v\u00fdstavy se konaj\u00ed v prostor\u00e1ch V\u00fdstavn\u00ed s\u00edn\u011b z\u00e1mku, kter\u00e9 se nach\u00e1zej\u00ed v p\u0159\u00edzem\u00ed, vpravo od hlavn\u00edho vstupu do z\u00e1mku. Nach\u00e1z\u00ed se zde t\u0159i [&hellip;]<\/p>\n","protected":false},"author":1,"featured_media":0,"parent":0,"menu_order":0,"comment_status":"closed","ping_status":"closed","template":"","meta":{"footnotes":""},"class_list":["post-418","page","type-page","status-publish","hentry"],"_links":{"self":[{"href":"https:\/\/www.zamek-frystat.cz\/index.php\/wp-json\/wp\/v2\/pages\/418","targetHints":{"allow":["GET"]}}],"collection":[{"href":"https:\/\/www.zamek-frystat.cz\/index.php\/wp-json\/wp\/v2\/pages"}],"about":[{"href":"https:\/\/www.zamek-frystat.cz\/index.php\/wp-json\/wp\/v2\/types\/page"}],"author":[{"embeddable":true,"href":"https:\/\/www.zamek-frystat.cz\/index.php\/wp-json\/wp\/v2\/users\/1"}],"replies":[{"embeddable":true,"href":"https:\/\/www.zamek-frystat.cz\/index.php\/wp-json\/wp\/v2\/comments?post=418"}],"version-history":[{"count":57,"href":"https:\/\/www.zamek-frystat.cz\/index.php\/wp-json\/wp\/v2\/pages\/418\/revisions"}],"predecessor-version":[{"id":3470,"href":"https:\/\/www.zamek-frystat.cz\/index.php\/wp-json\/wp\/v2\/pages\/418\/revisions\/3470"}],"wp:attachment":[{"href":"https:\/\/www.zamek-frystat.cz\/index.php\/wp-json\/wp\/v2\/media?parent=418"}],"curies":[{"name":"wp","href":"https:\/\/api.w.org\/{rel}","templated":true}]}}