{"id":424,"date":"2016-10-05T08:40:32","date_gmt":"2016-10-05T07:40:32","guid":{"rendered":"http:\/\/zamek-frystat.karvina.org\/?page_id=424"},"modified":"2026-02-05T09:29:47","modified_gmt":"2026-02-05T07:29:47","slug":"prohlidky-s-tajemnou-postavou","status":"publish","type":"page","link":"https:\/\/www.zamek-frystat.cz\/index.php\/prohlidky-s-tajemnou-postavou\/","title":{"rendered":"Prohl\u00eddky s kastel\u00e1nem aneb od sklepa po p\u016fdu &#8211; VI. okruh"},"content":{"rendered":"<h1><strong>VI. trasa<\/strong><\/h1>\n<p><strong>Jak prohl\u00eddky prob\u00edhaj\u00ed\u2026<\/strong><\/p>\n<p>Tato prohl\u00eddka vede netradi\u010dn\u00ed trasou z\u00e1mkem a zahrnuje i prostory, kter\u00e9 nejsou sou\u010d\u00e1st\u00ed st\u00e1l\u00fdch prohl\u00eddkov\u00fdch okruh\u016f. Cel\u00e1 prohl\u00eddka trv\u00e1 p\u0159ibli\u017en\u011b 2 a\u017e 2, 5 hodiny a je vedena kastel\u00e1nem z\u00e1mku. V jedn\u00e9 skupin\u011b n\u00e1v\u0161t\u011bvn\u00edk\u016f m\u016f\u017ee b\u00fdt maxim\u00e1ln\u011b 15 osob. Trasa nen\u00ed, s ohledem na p\u0159ekon\u00e1v\u00e1n\u00ed r\u016fzn\u00fdch v\u00fd\u0161kov\u00fdch \u00farovn\u00ed, p\u0159\u00edstupn\u00e1 pro voz\u00ed\u010dky i pro osoby jinak pohybov\u011b omezen\u00e9. Z\u00e1meck\u00e9 expozice lze fotit pouze v m\u00edstech dle pokyn\u016f pr\u016fvodce. Objemn\u00e9 p\u0159edm\u011bty i kab\u00e1ty doporu\u010dujeme si odlo\u017eit v \u0161atn\u011b, \u00faschova je bezplatn\u00e1.<\/p>\n<p><strong>N\u00e1v\u0161t\u011bvn\u00ed doba kastel\u00e1nsk\u00fdch prohl\u00eddek<\/strong><\/p>\n<p>Term\u00edny a \u010dasy prohl\u00eddek jsou stanoveny v\u017edy na dan\u00fd kalend\u00e1\u0159n\u00ed rok dle harmonogramu aktualizovan\u00e9ho zde na webov\u00fdch str\u00e1nk\u00e1ch z\u00e1mku &#8211; <strong>v \u010d\u00e1sti INFORMACE PRO N\u00c1V\u0160T\u011aVN\u00cdKY.<\/strong><\/p>\n<p><img loading=\"lazy\" decoding=\"async\" src=\"https:\/\/www.zamek-frystat.cz\/wp-content\/uploads\/2024\/10\/3_MHA_9564-1024x682.jpg\" alt=\"\" width=\"750\" height=\"500\" class=\"alignnone size-large wp-image-3283\" srcset=\"https:\/\/www.zamek-frystat.cz\/wp-content\/uploads\/2024\/10\/3_MHA_9564-1024x682.jpg 1024w, https:\/\/www.zamek-frystat.cz\/wp-content\/uploads\/2024\/10\/3_MHA_9564-300x200.jpg 300w, https:\/\/www.zamek-frystat.cz\/wp-content\/uploads\/2024\/10\/3_MHA_9564-768x512.jpg 768w, https:\/\/www.zamek-frystat.cz\/wp-content\/uploads\/2024\/10\/3_MHA_9564-360x240.jpg 360w, https:\/\/www.zamek-frystat.cz\/wp-content\/uploads\/2024\/10\/3_MHA_9564.jpg 1487w\" sizes=\"auto, (max-width: 750px) 100vw, 750px\" \/> <img loading=\"lazy\" decoding=\"async\" src=\"https:\/\/www.zamek-frystat.cz\/wp-content\/uploads\/2024\/10\/7_MHA_9783-1024x682.jpg\" alt=\"\" width=\"750\" height=\"500\" class=\"alignnone size-large wp-image-3284\" srcset=\"https:\/\/www.zamek-frystat.cz\/wp-content\/uploads\/2024\/10\/7_MHA_9783-1024x682.jpg 1024w, https:\/\/www.zamek-frystat.cz\/wp-content\/uploads\/2024\/10\/7_MHA_9783-300x200.jpg 300w, https:\/\/www.zamek-frystat.cz\/wp-content\/uploads\/2024\/10\/7_MHA_9783-768x512.jpg 768w, https:\/\/www.zamek-frystat.cz\/wp-content\/uploads\/2024\/10\/7_MHA_9783-360x240.jpg 360w, https:\/\/www.zamek-frystat.cz\/wp-content\/uploads\/2024\/10\/7_MHA_9783.jpg 1487w\" sizes=\"auto, (max-width: 750px) 100vw, 750px\" \/><\/p>\n<p>&nbsp;<\/p>\n<p>&nbsp;<\/p>\n<p>&nbsp;<\/p>\n<p>&nbsp;<\/p>\n<p>&nbsp;<\/p>\n","protected":false},"excerpt":{"rendered":"<p>VI. trasa Jak prohl\u00eddky prob\u00edhaj\u00ed\u2026 Tato prohl\u00eddka vede netradi\u010dn\u00ed trasou z\u00e1mkem a zahrnuje i prostory, kter\u00e9 nejsou sou\u010d\u00e1st\u00ed st\u00e1l\u00fdch prohl\u00eddkov\u00fdch okruh\u016f. Cel\u00e1 prohl\u00eddka trv\u00e1 p\u0159ibli\u017en\u011b 2 a\u017e 2, 5 hodiny a je vedena kastel\u00e1nem z\u00e1mku. V jedn\u00e9 skupin\u011b n\u00e1v\u0161t\u011bvn\u00edk\u016f m\u016f\u017ee b\u00fdt maxim\u00e1ln\u011b 15 osob. Trasa nen\u00ed, s ohledem na p\u0159ekon\u00e1v\u00e1n\u00ed [&hellip;]<\/p>\n","protected":false},"author":1,"featured_media":0,"parent":0,"menu_order":0,"comment_status":"closed","ping_status":"closed","template":"","meta":{"footnotes":""},"class_list":["post-424","page","type-page","status-publish","hentry"],"_links":{"self":[{"href":"https:\/\/www.zamek-frystat.cz\/index.php\/wp-json\/wp\/v2\/pages\/424","targetHints":{"allow":["GET"]}}],"collection":[{"href":"https:\/\/www.zamek-frystat.cz\/index.php\/wp-json\/wp\/v2\/pages"}],"about":[{"href":"https:\/\/www.zamek-frystat.cz\/index.php\/wp-json\/wp\/v2\/types\/page"}],"author":[{"embeddable":true,"href":"https:\/\/www.zamek-frystat.cz\/index.php\/wp-json\/wp\/v2\/users\/1"}],"replies":[{"embeddable":true,"href":"https:\/\/www.zamek-frystat.cz\/index.php\/wp-json\/wp\/v2\/comments?post=424"}],"version-history":[{"count":16,"href":"https:\/\/www.zamek-frystat.cz\/index.php\/wp-json\/wp\/v2\/pages\/424\/revisions"}],"predecessor-version":[{"id":3684,"href":"https:\/\/www.zamek-frystat.cz\/index.php\/wp-json\/wp\/v2\/pages\/424\/revisions\/3684"}],"wp:attachment":[{"href":"https:\/\/www.zamek-frystat.cz\/index.php\/wp-json\/wp\/v2\/media?parent=424"}],"curies":[{"name":"wp","href":"https:\/\/api.w.org\/{rel}","templated":true}]}}