{"id":447,"date":"2016-10-14T18:02:28","date_gmt":"2016-10-14T17:02:28","guid":{"rendered":"http:\/\/www.zamek-frystat.cz\/?page_id=447"},"modified":"2023-11-06T07:49:48","modified_gmt":"2023-11-06T06:49:48","slug":"mestske-informacni-centrum-a-galerie-pod-vezi","status":"publish","type":"page","link":"https:\/\/www.zamek-frystat.cz\/index.php\/mestske-informacni-centrum-a-galerie-pod-vezi\/","title":{"rendered":"V\u00fdstava Jakuba \u0160pa\u0148hela \u0160IKM\u00dd KOSTEL POD SKALOU"},"content":{"rendered":"<p>V obdob\u00ed od 20. z\u00e1\u0159\u00ed do 12. listopadu bude na dvou m\u00edstech v centru Karvin\u00e9 prob\u00edhat v\u00fdstava d\u011bl Jakuba \u0160pa\u0148hela nazvan\u00e1 \u0160ikm\u00fd kostel pod skalou. V\u00fdstavu budete moci zhl\u00e9dnout v Galerii m\u011bsta Karvin\u00e9 na Masarykov\u011b n\u00e1m. \u010dp. 34 a ve v\u00fdstavn\u00edch prostor\u00e1ch z\u00e1mku Fry\u0161t\u00e1t (prostory b\u00fdval\u00e9 expozice N\u00e1rodn\u00ed galerie Praha), v p\u0159\u00edzem\u00ed budovy Lottyhaus, Masarykovo n\u00e1m\u011bst\u00ed.<\/p>\n<p>Vstup zdarma:<\/p>\n<ul>\n<li>v\u00fdstava na z\u00e1mku: od \u00fater\u00fd do ned\u011ble od 10 do 17 h. Posledn\u00ed vstup je v 16:30h \/do konce \u0159\u00edjna\/, v mimosezonn\u00edm obdob\u00ed (listopad) v 16:00 h,<\/li>\n<li>v\u00fdstava v galerii: od pond\u011bl\u00ed do ned\u011ble &#8211; dle provozu infocentra,<\/li>\n<li>9. listopadu se uskute\u010dn\u00ed komentovan\u00e1 prohl\u00eddka, kterou prov\u00e1z\u00ed autor d\u011bl. Bude prob\u00edhat od 15:00 h v Galerii m\u011bsta a pokra\u010dovat od 16:00 h na z\u00e1mku.<\/li>\n<\/ul>\n<p>Jakub \u0160pa\u0148hel, rod\u00e1k z Karvin\u00e9, je uzn\u00e1van\u00fdm autorem i v zahrani\u010d\u00ed a sv\u016fj v\u0159el\u00fd vztah k rodn\u00e9mu m\u011bstu dokazuje t\u00edm, \u017ee se k n\u011bmu \u010dasto vrac\u00ed ve sv\u00fdch n\u00e1m\u011btech. Jm\u00e9no Jakuba \u0160pa\u0148hela je v sou\u010dasn\u00e9m um\u011bleck\u00e9m sv\u011bt\u011b opravdov\u00fdm pojmem, a tak v\u00fdstava jeho d\u011bl, vzhledem k v\u011bhlasu autora, daleko p\u0159esahuje r\u00e1mec regionu.<\/p>\n<p>V\u011b\u0159\u00edme, \u017ee se tato, ji\u017e druh\u00e1 v\u00fdstava, stane pro n\u00e1v\u0161t\u011bvn\u00edky v\u00fdjime\u010dnou ud\u00e1lost\u00ed a \u017ee m\u011bsto Karvin\u00e1 z\u016fstane i nad\u00e1le inspirac\u00ed autora.<\/p>\n<p><img loading=\"lazy\" decoding=\"async\" src=\"https:\/\/www.zamek-frystat.cz\/wp-content\/uploads\/2023\/08\/1404.-Spanhel-obraz-1024x750.jpg\" alt=\"\" width=\"750\" height=\"549\" class=\"alignnone size-large wp-image-2790\" srcset=\"https:\/\/www.zamek-frystat.cz\/wp-content\/uploads\/2023\/08\/1404.-Spanhel-obraz-1024x750.jpg 1024w, https:\/\/www.zamek-frystat.cz\/wp-content\/uploads\/2023\/08\/1404.-Spanhel-obraz-300x220.jpg 300w, https:\/\/www.zamek-frystat.cz\/wp-content\/uploads\/2023\/08\/1404.-Spanhel-obraz-768x563.jpg 768w, https:\/\/www.zamek-frystat.cz\/wp-content\/uploads\/2023\/08\/1404.-Spanhel-obraz-1536x1126.jpg 1536w, https:\/\/www.zamek-frystat.cz\/wp-content\/uploads\/2023\/08\/1404.-Spanhel-obraz-2048x1501.jpg 2048w\" sizes=\"auto, (max-width: 750px) 100vw, 750px\" \/><\/p>\n","protected":false},"excerpt":{"rendered":"<p>V obdob\u00ed od 20. z\u00e1\u0159\u00ed do 12. listopadu bude na dvou m\u00edstech v centru Karvin\u00e9 prob\u00edhat v\u00fdstava d\u011bl Jakuba \u0160pa\u0148hela nazvan\u00e1 \u0160ikm\u00fd kostel pod skalou. V\u00fdstavu budete moci zhl\u00e9dnout v Galerii m\u011bsta Karvin\u00e9 na Masarykov\u011b n\u00e1m. \u010dp. 34 a ve v\u00fdstavn\u00edch prostor\u00e1ch z\u00e1mku Fry\u0161t\u00e1t (prostory b\u00fdval\u00e9 expozice N\u00e1rodn\u00ed galerie Praha), [&hellip;]<\/p>\n","protected":false},"author":1,"featured_media":0,"parent":0,"menu_order":0,"comment_status":"closed","ping_status":"closed","template":"","meta":{"footnotes":""},"class_list":["post-447","page","type-page","status-publish","hentry"],"_links":{"self":[{"href":"https:\/\/www.zamek-frystat.cz\/index.php\/wp-json\/wp\/v2\/pages\/447","targetHints":{"allow":["GET"]}}],"collection":[{"href":"https:\/\/www.zamek-frystat.cz\/index.php\/wp-json\/wp\/v2\/pages"}],"about":[{"href":"https:\/\/www.zamek-frystat.cz\/index.php\/wp-json\/wp\/v2\/types\/page"}],"author":[{"embeddable":true,"href":"https:\/\/www.zamek-frystat.cz\/index.php\/wp-json\/wp\/v2\/users\/1"}],"replies":[{"embeddable":true,"href":"https:\/\/www.zamek-frystat.cz\/index.php\/wp-json\/wp\/v2\/comments?post=447"}],"version-history":[{"count":7,"href":"https:\/\/www.zamek-frystat.cz\/index.php\/wp-json\/wp\/v2\/pages\/447\/revisions"}],"predecessor-version":[{"id":2917,"href":"https:\/\/www.zamek-frystat.cz\/index.php\/wp-json\/wp\/v2\/pages\/447\/revisions\/2917"}],"wp:attachment":[{"href":"https:\/\/www.zamek-frystat.cz\/index.php\/wp-json\/wp\/v2\/media?parent=447"}],"curies":[{"name":"wp","href":"https:\/\/api.w.org\/{rel}","templated":true}]}}