{"id":81,"date":"2016-08-03T12:59:07","date_gmt":"2016-08-03T11:59:07","guid":{"rendered":"http:\/\/zamek-frystat.karvina.org\/?page_id=81"},"modified":"2024-07-30T11:42:03","modified_gmt":"2024-07-30T10:42:03","slug":"specialni-okruh-2016","status":"publish","type":"page","link":"https:\/\/www.zamek-frystat.cz\/index.php\/specialni-okruh-2016\/","title":{"rendered":"Speci\u00e1ln\u00ed trasa &#8211; IV. okruh"},"content":{"rendered":"<h1><strong>IV. trasa<\/strong><\/h1>\n<p>&nbsp;<\/p>\n<p><strong>Jak prohl\u00eddky prob\u00edhaj\u00ed\u2026<\/strong><\/p>\n<p>Prohl\u00eddkov\u00e1 trasa vede \u010d\u00e1st\u00ed z\u00e1mku, kde zahrnuje n\u011bkolik vybran\u00fdch m\u00edstnost\u00ed I. okruhu, pot\u00e9 p\u0159es spojovac\u00ed zd\u011bnou chodbu p\u0159ech\u00e1z\u00ed do kostela Pov\u00fd\u0161en\u00ed sv. K\u0159\u00ed\u017ee. Zde prohl\u00eddka trv\u00e1 asi 30 minut a tak\u00e9 zde i kon\u010d\u00ed. Cel\u00e1 prohl\u00eddka trv\u00e1 p\u0159ibli\u017en\u011b hodinu a je vedena pouze s pr\u016fvodcem. V z\u00e1meck\u00e9 \u010d\u00e1sti jsou to pr\u016fvodkyn\u011b ze z\u00e1mku a v orato\u0159i kostela skupinu p\u0159eb\u00edr\u00e1 pr\u016fvodce z kostela. V jedn\u00e9 skupin\u011b n\u00e1v\u0161t\u011bvn\u00edk\u016f m\u016f\u017ee b\u00fdt maxim\u00e1ln\u011b 20 osob. Trasa nen\u00ed, s ohledem na p\u0159echod do kostela, p\u0159\u00edstupn\u00e1 pro voz\u00ed\u010dky. Z\u00e1meck\u00e9 expozice v r\u00e1mci prohl\u00eddek nen\u00ed mo\u017en\u00e9 fotit ani nat\u00e1\u010det. Objemn\u00e9 p\u0159edm\u011bty i kab\u00e1ty doporu\u010dujeme si odlo\u017eit v \u0161atn\u011b, \u00faschova je bezplatn\u00e1.<\/p>\n<p><img loading=\"lazy\" decoding=\"async\" src=\"https:\/\/www.zamek-frystat.cz\/wp-content\/uploads\/2023\/06\/210x75_specky-1024x366.jpg\" alt=\"\" width=\"750\" height=\"268\" class=\"alignnone size-large wp-image-2757\" srcset=\"https:\/\/www.zamek-frystat.cz\/wp-content\/uploads\/2023\/06\/210x75_specky-1024x366.jpg 1024w, https:\/\/www.zamek-frystat.cz\/wp-content\/uploads\/2023\/06\/210x75_specky-300x107.jpg 300w, https:\/\/www.zamek-frystat.cz\/wp-content\/uploads\/2023\/06\/210x75_specky-768x274.jpg 768w, https:\/\/www.zamek-frystat.cz\/wp-content\/uploads\/2023\/06\/210x75_specky-1536x548.jpg 1536w, https:\/\/www.zamek-frystat.cz\/wp-content\/uploads\/2023\/06\/210x75_specky.jpg 2000w\" sizes=\"auto, (max-width: 750px) 100vw, 750px\" \/><img loading=\"lazy\" decoding=\"async\" src=\"https:\/\/www.zamek-frystat.cz\/wp-content\/uploads\/2019\/09\/DSC_3824-1024x683.jpg\" alt=\"\" width=\"353\" height=\"235\" class=\"wp-image-1374 alignleft\" srcset=\"https:\/\/www.zamek-frystat.cz\/wp-content\/uploads\/2019\/09\/DSC_3824-1024x683.jpg 1024w, https:\/\/www.zamek-frystat.cz\/wp-content\/uploads\/2019\/09\/DSC_3824-300x200.jpg 300w, https:\/\/www.zamek-frystat.cz\/wp-content\/uploads\/2019\/09\/DSC_3824-768x512.jpg 768w\" sizes=\"auto, (max-width: 353px) 100vw, 353px\" \/><img loading=\"lazy\" decoding=\"async\" src=\"https:\/\/www.zamek-frystat.cz\/wp-content\/uploads\/2024\/07\/MHA_9877-kopie-1024x683.jpg\" alt=\"\" width=\"357\" height=\"238\" class=\"alignnone wp-image-3121\" srcset=\"https:\/\/www.zamek-frystat.cz\/wp-content\/uploads\/2024\/07\/MHA_9877-kopie-1024x683.jpg 1024w, https:\/\/www.zamek-frystat.cz\/wp-content\/uploads\/2024\/07\/MHA_9877-kopie-300x200.jpg 300w, https:\/\/www.zamek-frystat.cz\/wp-content\/uploads\/2024\/07\/MHA_9877-kopie-768x512.jpg 768w, https:\/\/www.zamek-frystat.cz\/wp-content\/uploads\/2024\/07\/MHA_9877-kopie-1536x1024.jpg 1536w, https:\/\/www.zamek-frystat.cz\/wp-content\/uploads\/2024\/07\/MHA_9877-kopie-2048x1365.jpg 2048w, https:\/\/www.zamek-frystat.cz\/wp-content\/uploads\/2024\/07\/MHA_9877-kopie-360x240.jpg 360w\" sizes=\"auto, (max-width: 357px) 100vw, 357px\" \/>\u00a0 <strong><\/strong><\/p>\n<p><img loading=\"lazy\" decoding=\"async\" src=\"https:\/\/www.zamek-frystat.cz\/wp-content\/uploads\/2024\/07\/MHA_9572_kopie-1024x683.jpg\" alt=\"\" width=\"350\" height=\"233\" class=\"alignnone wp-image-3120\" srcset=\"https:\/\/www.zamek-frystat.cz\/wp-content\/uploads\/2024\/07\/MHA_9572_kopie-1024x683.jpg 1024w, https:\/\/www.zamek-frystat.cz\/wp-content\/uploads\/2024\/07\/MHA_9572_kopie-300x200.jpg 300w, https:\/\/www.zamek-frystat.cz\/wp-content\/uploads\/2024\/07\/MHA_9572_kopie-768x512.jpg 768w, https:\/\/www.zamek-frystat.cz\/wp-content\/uploads\/2024\/07\/MHA_9572_kopie-1536x1024.jpg 1536w, https:\/\/www.zamek-frystat.cz\/wp-content\/uploads\/2024\/07\/MHA_9572_kopie-2048x1365.jpg 2048w, https:\/\/www.zamek-frystat.cz\/wp-content\/uploads\/2024\/07\/MHA_9572_kopie-360x240.jpg 360w\" sizes=\"auto, (max-width: 350px) 100vw, 350px\" \/><img loading=\"lazy\" decoding=\"async\" src=\"https:\/\/www.zamek-frystat.cz\/wp-content\/uploads\/2019\/09\/DSC_3815-1024x683.jpg\" alt=\"\" width=\"348\" height=\"232\" class=\"wp-image-1373 alignright\" \/><\/p>\n<p>&nbsp;<\/p>\n<p><strong>Co zde m\u016f\u017eete vid\u011bt\u2026<\/strong><\/p>\n<p>V pr\u016fb\u011bhu <strong>speci\u00e1ln\u00ed trasy<\/strong> n\u00e1v\u0161t\u011bvn\u00edci projdou mimo jin\u00e9 m\u00edstnostmi spojen\u00fdmi anfil\u00e1dou, pod\u00edvaj\u00ed se tak\u00e9 nap\u0159\u00edklad do Reprezenta\u010dn\u00edho s\u00e1lu a po prohl\u00eddce J\u00eddelny, kde je uk\u00e1zka dobov\u00e9ho stolov\u00e1n\u00ed\u00a0 v\u010detn\u011b expon\u00e1t\u016f v\u00edde\u0148sk\u00e9ho a m\u00ed\u0161e\u0148sk\u00e9ho porcel\u00e1nu, projdou zd\u011bnou chodbou do orato\u0159e kostela. Odtud pak pokra\u010duje prohl\u00eddka kostela. N\u00e1v\u0161t\u011bvn\u00edky ur\u010dit\u011b zaujme poutav\u00e9 vypr\u00e1v\u011bn\u00ed o historii kostela a ned\u00e1vno objeven\u00e9 st\u0159edov\u011bk\u00e9 fresky.<\/p>\n<p><img loading=\"lazy\" decoding=\"async\" class=\"wp-image-550 alignleft\" src=\"https:\/\/www.zamek-frystat.cz\/wp-content\/uploads\/2016\/08\/DSC_0031-1-300x201.jpg\" alt=\"dsc_0031\" width=\"355\" height=\"238\" srcset=\"https:\/\/www.zamek-frystat.cz\/wp-content\/uploads\/2016\/08\/DSC_0031-1-300x201.jpg 300w, https:\/\/www.zamek-frystat.cz\/wp-content\/uploads\/2016\/08\/DSC_0031-1-768x514.jpg 768w, https:\/\/www.zamek-frystat.cz\/wp-content\/uploads\/2016\/08\/DSC_0031-1-1024x685.jpg 1024w, https:\/\/www.zamek-frystat.cz\/wp-content\/uploads\/2016\/08\/DSC_0031-1.jpg 1936w\" sizes=\"auto, (max-width: 355px) 100vw, 355px\" \/><img loading=\"lazy\" decoding=\"async\" class=\"wp-image-551 alignnone\" src=\"https:\/\/www.zamek-frystat.cz\/wp-content\/uploads\/2016\/08\/DSC_0042-300x201.jpg\" alt=\"dsc_0042\" width=\"348\" height=\"233\" srcset=\"https:\/\/www.zamek-frystat.cz\/wp-content\/uploads\/2016\/08\/DSC_0042-300x201.jpg 300w, https:\/\/www.zamek-frystat.cz\/wp-content\/uploads\/2016\/08\/DSC_0042-768x514.jpg 768w, https:\/\/www.zamek-frystat.cz\/wp-content\/uploads\/2016\/08\/DSC_0042-1024x685.jpg 1024w, https:\/\/www.zamek-frystat.cz\/wp-content\/uploads\/2016\/08\/DSC_0042.jpg 1936w\" sizes=\"auto, (max-width: 348px) 100vw, 348px\" \/><\/p>\n<p>&nbsp;<\/p>\n<p><strong>N\u00e1v\u0161t\u011bvn\u00ed doba speci\u00e1ln\u00ed trasy<\/strong><\/p>\n<p>Term\u00edny a \u010dasy prohl\u00eddek jsou stanoveny v\u017edy na dan\u00fd kalend\u00e1\u0159n\u00ed rok dle harmonogramu aktualizovan\u00e9ho zde na webov\u00fdch str\u00e1nk\u00e1ch z\u00e1mku.<\/p>\n<p><strong>Aktu\u00e1ln\u00ed term\u00edny na dan\u00fd kalend\u00e1\u0159n\u00ed rok a vstupn\u00e9 najdete v \u010d\u00e1sti INFORMACE PRO N\u00c1V\u0160T\u011aVN\u00cdKY.<\/strong><\/p>\n<p>&nbsp;<\/p>\n","protected":false},"excerpt":{"rendered":"<p>IV. trasa &nbsp; Jak prohl\u00eddky prob\u00edhaj\u00ed\u2026 Prohl\u00eddkov\u00e1 trasa vede \u010d\u00e1st\u00ed z\u00e1mku, kde zahrnuje n\u011bkolik vybran\u00fdch m\u00edstnost\u00ed I. okruhu, pot\u00e9 p\u0159es spojovac\u00ed zd\u011bnou chodbu p\u0159ech\u00e1z\u00ed do kostela Pov\u00fd\u0161en\u00ed sv. K\u0159\u00ed\u017ee. Zde prohl\u00eddka trv\u00e1 asi 30 minut a tak\u00e9 zde i kon\u010d\u00ed. Cel\u00e1 prohl\u00eddka trv\u00e1 p\u0159ibli\u017en\u011b hodinu a je vedena pouze s [&hellip;]<\/p>\n","protected":false},"author":1,"featured_media":0,"parent":0,"menu_order":0,"comment_status":"closed","ping_status":"closed","template":"","meta":{"footnotes":""},"class_list":["post-81","page","type-page","status-publish","hentry"],"_links":{"self":[{"href":"https:\/\/www.zamek-frystat.cz\/index.php\/wp-json\/wp\/v2\/pages\/81","targetHints":{"allow":["GET"]}}],"collection":[{"href":"https:\/\/www.zamek-frystat.cz\/index.php\/wp-json\/wp\/v2\/pages"}],"about":[{"href":"https:\/\/www.zamek-frystat.cz\/index.php\/wp-json\/wp\/v2\/types\/page"}],"author":[{"embeddable":true,"href":"https:\/\/www.zamek-frystat.cz\/index.php\/wp-json\/wp\/v2\/users\/1"}],"replies":[{"embeddable":true,"href":"https:\/\/www.zamek-frystat.cz\/index.php\/wp-json\/wp\/v2\/comments?post=81"}],"version-history":[{"count":34,"href":"https:\/\/www.zamek-frystat.cz\/index.php\/wp-json\/wp\/v2\/pages\/81\/revisions"}],"predecessor-version":[{"id":3149,"href":"https:\/\/www.zamek-frystat.cz\/index.php\/wp-json\/wp\/v2\/pages\/81\/revisions\/3149"}],"wp:attachment":[{"href":"https:\/\/www.zamek-frystat.cz\/index.php\/wp-json\/wp\/v2\/media?parent=81"}],"curies":[{"name":"wp","href":"https:\/\/api.w.org\/{rel}","templated":true}]}}