{"id":889,"date":"2017-12-05T14:41:39","date_gmt":"2017-12-05T13:41:39","guid":{"rendered":"http:\/\/www.zamek-frystat.cz\/?page_id=889"},"modified":"2020-04-21T07:29:53","modified_gmt":"2020-04-21T06:29:53","slug":"foceni-na-zamku","status":"publish","type":"page","link":"https:\/\/www.zamek-frystat.cz\/index.php\/foceni-na-zamku\/","title":{"rendered":"FOCEN\u00cd NA Z\u00c1MKU"},"content":{"rendered":"<p>FOCEN\u00cd NA Z\u00c1MKU &#8211; DOBOV\u00c9 FOCEN\u00cd<\/p>\n<p>&nbsp;<\/p>\n<p>Novinkou v\u00a0nab\u00eddce slu\u017eeb z\u00e1mku je mo\u017enost se vyfotografovat ve vymezen\u00fdch z\u00e1meck\u00fdch prostorech, K\u00a0tomu lze i zap\u016fj\u010dit repliky dobov\u00fdch \u0161at\u016f na\u00a0proch\u00e1zku vyhrazen\u00fdmi prostory z\u00e1mku a\u00a0fotografov\u00e1n\u00ed, a to <strong>na\u00a0dobu 30\u00a0minut<\/strong>.<\/p>\n<p>Je nutn\u00e1 rezervace p\u0159edem alespo\u0148 t\u00fdden.<\/p>\n<p>Nelze obl\u00e9ct kost\u00fdm na hol\u00e9 t\u011blo, ani na spodn\u00ed pr\u00e1dlo. Zap\u016fj\u010ditel mus\u00ed pou\u017e\u00edt t\u00edlko nebo tri\u010dko.<\/p>\n<p>Cena zahrnuje i \u010das na p\u0159\u00edpravu a odstrojen\u00ed nav\u00edc, max. do p\u016fl hodiny.<\/p>\n<p>Je nutn\u00e9 <strong>dodr\u017eet limit<\/strong> <strong>30 minut<\/strong>, pon\u011bvad\u017e je to doba, ne\u017e pot pronikne skrze spodn\u00ed oble\u010den\u00ed do kost\u00fdmu. <strong>Nedodr\u017een\u00ed limitu je pokutov\u00e1no<\/strong> \u010d\u00e1stkou 300,- K\u010d na osobu, co\u017e je\u00a0suma pokr\u00fdvaj\u00edc\u00ed n\u00e1klad na vy\u010di\u0161t\u011bn\u00ed od\u011bvu.<\/p>\n<p>K\u00a0dispozici je 8 d\u011btsk\u00fdch a n\u011bkolik dosp\u011bl\u00fdch \u017eensk\u00fdch kost\u00fdm\u016f (dle aktu\u00e1ln\u00ed nab\u00eddky), ka\u017ed\u00fd pouze v\u00a0jedn\u00e9 velikosti.<\/p>\n<p>&nbsp;<\/p>\n<p>Zap\u016fj\u010den\u00e9 \u010di pronajat\u00e9 v\u011bci budou vr\u00e1ceny v\u00a0p\u016fvodn\u00edm a nezm\u011bn\u011bn\u00e9m stavu, v\u00a0opa\u010dn\u00e9m p\u0159\u00edpad\u011b se to bude \u0159e\u0161it dle obecn\u011b platn\u00fdch p\u0159edpis\u016f.<\/p>\n<p>1) Zap\u016fj\u010den\u00ed d\u011btsk\u00e9ho kost\u00fdmu \u00a0\u00a0\u00a0\u00a0\u00a0\u00a0\u00a0\u00a0\u00a0\u00a0\u00a0\u00a0\u00a0\u00a0\u00a0\u00a0\u00a0\u00a0\u00a0\u00a0\u00a0\u00a0\u00a0\u00a0\u00a0\u00a0\u00a0\u00a0\u00a0\u00a0\u00a0\u00a0\u00a0\u00a0\u00a0\u00a0\u00a0\u00a0\u00a0\u00a0\u00a0\u00a0 \u00a0\u00a0\u00a0\u00a0\u00a0\u00a0\u00a0\u00a0\u00a0\u00a0\u00a0\u00a0\u00a0\u00a0\u00a0\u00a0\u00a0\u00a0\u00a0\u00a0\u00a0\u00a0\u00a0\u00a0\u00a0\u00a0\u00a0\u00a0\u00a0\u00a0\u00a0\u00a0\u00a0\u00a0 50,-K\u010d\/1\/2 hod<\/p>\n<p>2) Zap\u016fj\u010den\u00ed kost\u00fdmu pro dosp\u011bl\u00e9ho \u00a0\u00a0\u00a0\u00a0\u00a0\u00a0\u00a0\u00a0\u00a0\u00a0\u00a0\u00a0\u00a0\u00a0\u00a0\u00a0\u00a0\u00a0\u00a0\u00a0\u00a0\u00a0\u00a0\u00a0\u00a0\u00a0\u00a0\u00a0\u00a0\u00a0\u00a0\u00a0\u00a0\u00a0\u00a0\u00a0\u00a0\u00a0\u00a0\u00a0\u00a0\u00a0\u00a0\u00a0\u00a0\u00a0\u00a0\u00a0\u00a0\u00a0\u00a0\u00a0\u00a0\u00a0\u00a0\u00a0\u00a0\u00a0\u00a0\u00a0\u00a0\u00a0\u00a0\u00a0\u00a0 200,-K\u010d\/1\/2 hod<\/p>\n<p>3) Focen\u00ed ve vymezen\u00fdch prostor\u00e1ch z\u00e1mku\u00a0\u00a0\u00a0\u00a0\u00a0\u00a0\u00a0\u00a0\u00a0\u00a0\u00a0\u00a0\u00a0\u00a0\u00a0\u00a0\u00a0\u00a0\u00a0\u00a0\u00a0\u00a0\u00a0\u00a0\u00a0\u00a0\u00a0\u00a0\u00a0\u00a0\u00a0\u00a0\u00a0\u00a0\u00a0\u00a0\u00a0\u00a0\u00a0\u00a0\u00a0\u00a0\u00a0\u00a0\u00a0\u00a0\u00a0\u00a0\u00a0\u00a0\u00a0\u00a0\u00a0 500,-K\u010d\/1\/2 hod<\/p>\n<p>&nbsp;<\/p>\n<p>&nbsp;<\/p>\n<p><em>\u00a0<\/em><\/p>\n<p>&nbsp;<\/p>\n","protected":false},"excerpt":{"rendered":"<p>FOCEN\u00cd NA Z\u00c1MKU &#8211; DOBOV\u00c9 FOCEN\u00cd &nbsp; Novinkou v\u00a0nab\u00eddce slu\u017eeb z\u00e1mku je mo\u017enost se vyfotografovat ve vymezen\u00fdch z\u00e1meck\u00fdch prostorech, K\u00a0tomu lze i zap\u016fj\u010dit repliky dobov\u00fdch \u0161at\u016f na\u00a0proch\u00e1zku vyhrazen\u00fdmi prostory z\u00e1mku a\u00a0fotografov\u00e1n\u00ed, a to na\u00a0dobu 30\u00a0minut. Je nutn\u00e1 rezervace p\u0159edem alespo\u0148 t\u00fdden. Nelze obl\u00e9ct kost\u00fdm na hol\u00e9 t\u011blo, ani na spodn\u00ed [&hellip;]<\/p>\n","protected":false},"author":1,"featured_media":0,"parent":0,"menu_order":0,"comment_status":"closed","ping_status":"closed","template":"","meta":{"footnotes":""},"class_list":["post-889","page","type-page","status-publish","hentry"],"_links":{"self":[{"href":"https:\/\/www.zamek-frystat.cz\/index.php\/wp-json\/wp\/v2\/pages\/889","targetHints":{"allow":["GET"]}}],"collection":[{"href":"https:\/\/www.zamek-frystat.cz\/index.php\/wp-json\/wp\/v2\/pages"}],"about":[{"href":"https:\/\/www.zamek-frystat.cz\/index.php\/wp-json\/wp\/v2\/types\/page"}],"author":[{"embeddable":true,"href":"https:\/\/www.zamek-frystat.cz\/index.php\/wp-json\/wp\/v2\/users\/1"}],"replies":[{"embeddable":true,"href":"https:\/\/www.zamek-frystat.cz\/index.php\/wp-json\/wp\/v2\/comments?post=889"}],"version-history":[{"count":7,"href":"https:\/\/www.zamek-frystat.cz\/index.php\/wp-json\/wp\/v2\/pages\/889\/revisions"}],"predecessor-version":[{"id":1516,"href":"https:\/\/www.zamek-frystat.cz\/index.php\/wp-json\/wp\/v2\/pages\/889\/revisions\/1516"}],"wp:attachment":[{"href":"https:\/\/www.zamek-frystat.cz\/index.php\/wp-json\/wp\/v2\/media?parent=889"}],"curies":[{"name":"wp","href":"https:\/\/api.w.org\/{rel}","templated":true}]}}